{"id":102,"date":"2023-07-02T18:58:18","date_gmt":"2023-07-02T18:58:18","guid":{"rendered":"https:\/\/todoesredondo.es\/?page_id=102"},"modified":"2023-07-02T21:50:28","modified_gmt":"2023-07-02T21:50:28","slug":"biopsias-de-bogota","status":"publish","type":"page","link":"https:\/\/todoesredondo.es\/?page_id=102","title":{"rendered":"Biopsias de Bogot\u00e1"},"content":{"rendered":"\n<p>                               <strong>Biopsia:<\/strong><\/p>\n\n\n\n<div class=\"wp-block-media-text alignwide is-stacked-on-mobile\" style=\"grid-template-columns:26% auto\"><figure class=\"wp-block-media-text__media\"><img fetchpriority=\"high\" decoding=\"async\" width=\"960\" height=\"960\" src=\"https:\/\/todoesredondo.es\/wp-content\/uploads\/2023\/07\/1.4.jpg\" alt=\"\" class=\"wp-image-108 size-full\" srcset=\"https:\/\/todoesredondo.es\/wp-content\/uploads\/2023\/07\/1.4.jpg 960w, https:\/\/todoesredondo.es\/wp-content\/uploads\/2023\/07\/1.4-300x300.jpg 300w, https:\/\/todoesredondo.es\/wp-content\/uploads\/2023\/07\/1.4-150x150.jpg 150w, https:\/\/todoesredondo.es\/wp-content\/uploads\/2023\/07\/1.4-768x768.jpg 768w\" sizes=\"(max-width: 960px) 100vw, 960px\" \/><\/figure><div class=\"wp-block-media-text__content\">\n<p class=\"has-text-align-left has-small-font-size\" id=\"kN7fpme6QxJDlo7J\"><em>Examen microsc\u00f3pico de un trozo de tejido o una parte de l\u00edquido org\u00e1nico que se extrae de un ser vivo. Para realizar el estudio de este tejido por lo general se pone en moldes con parafina , est\u00e1n tienen un proceso qu\u00edmico para que el tejido se ablande y despu\u00e9s estos bloques se cortan en l\u00e1minas muy delgadas , se colorean y se pueden examinar en el microscopio.<\/em><\/p>\n<\/div><\/div>\n\n\n\n<hr class=\"wp-block-separator has-alpha-channel-opacity\"\/>\n\n\n\n<figure class=\"wp-block-image size-large is-resized\"><img decoding=\"async\" src=\"https:\/\/todoesredondo.es\/wp-content\/uploads\/2023\/07\/njnk-1024x512.jpg\" alt=\"\" class=\"wp-image-113\" width=\"406\" height=\"203\" srcset=\"https:\/\/todoesredondo.es\/wp-content\/uploads\/2023\/07\/njnk-1024x512.jpg 1024w, https:\/\/todoesredondo.es\/wp-content\/uploads\/2023\/07\/njnk-300x150.jpg 300w, https:\/\/todoesredondo.es\/wp-content\/uploads\/2023\/07\/njnk-768x384.jpg 768w, https:\/\/todoesredondo.es\/wp-content\/uploads\/2023\/07\/njnk-1536x768.jpg 1536w, https:\/\/todoesredondo.es\/wp-content\/uploads\/2023\/07\/njnk-2048x1024.jpg 2048w\" sizes=\"(max-width: 406px) 100vw, 406px\" \/><\/figure>\n\n\n\n<div class=\"wp-block-columns is-layout-flex wp-container-core-columns-is-layout-28f84493 wp-block-columns-is-layout-flex\">\n<div class=\"wp-block-column is-layout-flow wp-block-column-is-layout-flow\">\n<p class=\"has-text-align-center\" id=\"AXVXg68VXLANaxYG\" style=\"font-size:0.7rem\"><strong>Biopsias de Bogot\u00e1.<\/strong><\/p>\n\n\n\n<p class=\"has-text-align-center\" id=\"gAZ8wb2b8OMWmnd4\" style=\"font-size:0.7rem\">Fragmento de diferentes materiales con parafina.<\/p>\n\n\n\n<p class=\"has-text-align-center\" id=\"BwleFRKkJmSCsY65\" style=\"font-size:0.7rem\">Dimensiones variables<\/p>\n\n\n\n<p class=\"has-text-align-center\" id=\"GaFLPpfmEtZAg791\" style=\"font-size:0.7rem\"><strong>2017<\/strong><\/p>\n<\/div>\n\n\n\n<div class=\"wp-block-column is-layout-flow wp-block-column-is-layout-flow\">\n<figure class=\"wp-block-image size-full is-resized\"><img decoding=\"async\" src=\"https:\/\/todoesredondo.es\/wp-content\/uploads\/2023\/07\/bk.jpg\" alt=\"\" class=\"wp-image-116\" width=\"283\" height=\"161\" srcset=\"https:\/\/todoesredondo.es\/wp-content\/uploads\/2023\/07\/bk.jpg 408w, https:\/\/todoesredondo.es\/wp-content\/uploads\/2023\/07\/bk-300x172.jpg 300w\" sizes=\"(max-width: 283px) 100vw, 283px\" \/><\/figure>\n<\/div>\n<\/div>\n\n\n\n<hr class=\"wp-block-separator has-alpha-channel-opacity\"\/>\n\n\n\n<div class=\"wp-block-media-text alignwide is-stacked-on-mobile is-vertically-aligned-bottom\" style=\"grid-template-columns:39% auto\"><figure class=\"wp-block-media-text__media\"><img loading=\"lazy\" decoding=\"async\" width=\"683\" height=\"1024\" src=\"https:\/\/todoesredondo.es\/wp-content\/uploads\/2023\/07\/Unoytodos-683x1024.jpg\" alt=\"\" class=\"wp-image-121 size-full\" srcset=\"https:\/\/todoesredondo.es\/wp-content\/uploads\/2023\/07\/Unoytodos-683x1024.jpg 683w, https:\/\/todoesredondo.es\/wp-content\/uploads\/2023\/07\/Unoytodos-200x300.jpg 200w, https:\/\/todoesredondo.es\/wp-content\/uploads\/2023\/07\/Unoytodos-768x1152.jpg 768w, https:\/\/todoesredondo.es\/wp-content\/uploads\/2023\/07\/Unoytodos-1024x1536.jpg 1024w, https:\/\/todoesredondo.es\/wp-content\/uploads\/2023\/07\/Unoytodos-1365x2048.jpg 1365w, https:\/\/todoesredondo.es\/wp-content\/uploads\/2023\/07\/Unoytodos-scaled.jpg 1707w\" sizes=\"(max-width: 683px) 100vw, 683px\" \/><\/figure><div class=\"wp-block-media-text__content\">\n<p class=\"has-small-font-size\" id=\"dEg1rD8IRYoBEpLd\">Este proyecto surge a partir del inter\u00e9s de crear una imagen personal de c\u00f3mo veo y entiendo Bogot\u00e1.<\/p>\n\n\n\n<p class=\"has-small-font-size\" id=\"F5WQ3FwWNHyDmRQI\">El ejercicio comienza cuando camino por la ciudad y observo que tipo de objetos se encuentran com\u00fanmente tanto en el suelo como en las paredes de los edificios. Me llevo un fragmento de ellos conmigo. Hasta ahora he recolectado flores marchitas, cigarrillos, basura,piedras, pedazos de and\u00e9n, pedazos de posters, ladrillo, c\u00e1scaras de pinturas de las fachadas.<\/p>\n\n\n\n<p class=\"has-small-font-size\" id=\"bwfUFh3nuPaEYjaC\">La idea es tratar los fragmentos como se trataria un tejido, en moldes de parafina.<\/p>\n\n\n\n<hr class=\"wp-block-separator has-alpha-channel-opacity\"\/>\n<\/div><\/div>\n\n\n\n<figure class=\"wp-block-image aligncenter size-full is-resized\"><img loading=\"lazy\" decoding=\"async\" src=\"https:\/\/todoesredondo.es\/wp-content\/uploads\/2023\/07\/111-1.jpg\" alt=\"\" class=\"wp-image-124\" width=\"733\" height=\"521\" srcset=\"https:\/\/todoesredondo.es\/wp-content\/uploads\/2023\/07\/111-1.jpg 549w, https:\/\/todoesredondo.es\/wp-content\/uploads\/2023\/07\/111-1-300x213.jpg 300w\" sizes=\"(max-width: 733px) 100vw, 733px\" \/><\/figure>\n","protected":false},"excerpt":{"rendered":"<p>Biopsia: Examen microsc\u00f3pico de un trozo de tejido o una parte de l\u00edquido org\u00e1nico que se extrae de un ser vivo. Para realizar el estudio de este tejido por lo general se pone en moldes con parafina , est\u00e1n tienen un proceso qu\u00edmico para que el tejido se ablande y despu\u00e9s estos bloques se cortan [&hellip;]<\/p>\n","protected":false},"author":1,"featured_media":0,"parent":69,"menu_order":4,"comment_status":"closed","ping_status":"closed","template":"","meta":{"footnotes":""},"class_list":["post-102","page","type-page","status-publish","hentry"],"yoast_head":"<!-- This site is optimized with the Yoast SEO plugin v26.5 - https:\/\/yoast.com\/wordpress\/plugins\/seo\/ -->\n<title>Biopsias de Bogot\u00e1 - \u25cc Todo es Redondo \u25cc<\/title>\n<meta name=\"robots\" content=\"index, follow, max-snippet:-1, max-image-preview:large, max-video-preview:-1\" \/>\n<link rel=\"canonical\" href=\"https:\/\/todoesredondo.es\/?page_id=102\" \/>\n<meta property=\"og:locale\" content=\"en_US\" \/>\n<meta property=\"og:type\" content=\"article\" \/>\n<meta property=\"og:title\" content=\"Biopsias de Bogot\u00e1 - \u25cc Todo es Redondo \u25cc\" \/>\n<meta property=\"og:description\" content=\"Biopsia: Examen microsc\u00f3pico de un trozo de tejido o una parte de l\u00edquido org\u00e1nico que se extrae de un ser vivo. Para realizar el estudio de este tejido por lo general se pone en moldes con parafina , est\u00e1n tienen un proceso qu\u00edmico para que el tejido se ablande y despu\u00e9s estos bloques se cortan [&hellip;]\" \/>\n<meta property=\"og:url\" content=\"https:\/\/todoesredondo.es\/?page_id=102\" \/>\n<meta property=\"og:site_name\" content=\"\u25cc Todo es Redondo \u25cc\" \/>\n<meta property=\"article:modified_time\" content=\"2023-07-02T21:50:28+00:00\" \/>\n<meta property=\"og:image\" content=\"https:\/\/todoesredondo.es\/wp-content\/uploads\/2023\/07\/1.4.jpg\" \/>\n<meta name=\"twitter:card\" content=\"summary_large_image\" \/>\n<meta name=\"twitter:label1\" content=\"Est. reading time\" \/>\n\t<meta name=\"twitter:data1\" content=\"2 minutes\" \/>\n<script type=\"application\/ld+json\" class=\"yoast-schema-graph\">{\"@context\":\"https:\/\/schema.org\",\"@graph\":[{\"@type\":\"WebPage\",\"@id\":\"https:\/\/todoesredondo.es\/?page_id=102\",\"url\":\"https:\/\/todoesredondo.es\/?page_id=102\",\"name\":\"Biopsias de Bogot\u00e1 - \u25cc Todo es Redondo \u25cc\",\"isPartOf\":{\"@id\":\"https:\/\/todoesredondo.es\/#website\"},\"primaryImageOfPage\":{\"@id\":\"https:\/\/todoesredondo.es\/?page_id=102#primaryimage\"},\"image\":{\"@id\":\"https:\/\/todoesredondo.es\/?page_id=102#primaryimage\"},\"thumbnailUrl\":\"https:\/\/todoesredondo.es\/wp-content\/uploads\/2023\/07\/1.4.jpg\",\"datePublished\":\"2023-07-02T18:58:18+00:00\",\"dateModified\":\"2023-07-02T21:50:28+00:00\",\"breadcrumb\":{\"@id\":\"https:\/\/todoesredondo.es\/?page_id=102#breadcrumb\"},\"inLanguage\":\"en-US\",\"potentialAction\":[{\"@type\":\"ReadAction\",\"target\":[\"https:\/\/todoesredondo.es\/?page_id=102\"]}]},{\"@type\":\"ImageObject\",\"inLanguage\":\"en-US\",\"@id\":\"https:\/\/todoesredondo.es\/?page_id=102#primaryimage\",\"url\":\"https:\/\/todoesredondo.es\/wp-content\/uploads\/2023\/07\/1.4.jpg\",\"contentUrl\":\"https:\/\/todoesredondo.es\/wp-content\/uploads\/2023\/07\/1.4.jpg\"},{\"@type\":\"BreadcrumbList\",\"@id\":\"https:\/\/todoesredondo.es\/?page_id=102#breadcrumb\",\"itemListElement\":[{\"@type\":\"ListItem\",\"position\":1,\"name\":\"Portada\",\"item\":\"https:\/\/todoesredondo.es\/\"},{\"@type\":\"ListItem\",\"position\":2,\"name\":\"Proyectos\",\"item\":\"https:\/\/todoesredondo.es\/?page_id=69\"},{\"@type\":\"ListItem\",\"position\":3,\"name\":\"Biopsias de Bogot\u00e1\"}]},{\"@type\":\"WebSite\",\"@id\":\"https:\/\/todoesredondo.es\/#website\",\"url\":\"https:\/\/todoesredondo.es\/\",\"name\":\"\u25cc Todo es Redondo \u25cc\",\"description\":\"\",\"publisher\":{\"@id\":\"https:\/\/todoesredondo.es\/#\/schema\/person\/1576300a3ce607d928606560fb256fb5\"},\"potentialAction\":[{\"@type\":\"SearchAction\",\"target\":{\"@type\":\"EntryPoint\",\"urlTemplate\":\"https:\/\/todoesredondo.es\/?s={search_term_string}\"},\"query-input\":{\"@type\":\"PropertyValueSpecification\",\"valueRequired\":true,\"valueName\":\"search_term_string\"}}],\"inLanguage\":\"en-US\"},{\"@type\":[\"Person\",\"Organization\"],\"@id\":\"https:\/\/todoesredondo.es\/#\/schema\/person\/1576300a3ce607d928606560fb256fb5\",\"name\":\"todoesredondo.es\",\"image\":{\"@type\":\"ImageObject\",\"inLanguage\":\"en-US\",\"@id\":\"https:\/\/todoesredondo.es\/#\/schema\/person\/image\/\",\"url\":\"https:\/\/secure.gravatar.com\/avatar\/7122c156525b3d3a96c4cdb2245b7bf01b43a51c1dd28ab5d5e0e61450672b9f?s=96&d=mm&r=g\",\"contentUrl\":\"https:\/\/secure.gravatar.com\/avatar\/7122c156525b3d3a96c4cdb2245b7bf01b43a51c1dd28ab5d5e0e61450672b9f?s=96&d=mm&r=g\",\"caption\":\"todoesredondo.es\"},\"logo\":{\"@id\":\"https:\/\/todoesredondo.es\/#\/schema\/person\/image\/\"},\"sameAs\":[\"http:\/\/todoesredondo.es\",\"https:\/\/www.instagram.com\/_todoesredondo\/\"]}]}<\/script>\n<!-- \/ Yoast SEO plugin. -->","yoast_head_json":{"title":"Biopsias de Bogot\u00e1 - \u25cc Todo es Redondo \u25cc","robots":{"index":"index","follow":"follow","max-snippet":"max-snippet:-1","max-image-preview":"max-image-preview:large","max-video-preview":"max-video-preview:-1"},"canonical":"https:\/\/todoesredondo.es\/?page_id=102","og_locale":"en_US","og_type":"article","og_title":"Biopsias de Bogot\u00e1 - \u25cc Todo es Redondo \u25cc","og_description":"Biopsia: Examen microsc\u00f3pico de un trozo de tejido o una parte de l\u00edquido org\u00e1nico que se extrae de un ser vivo. Para realizar el estudio de este tejido por lo general se pone en moldes con parafina , est\u00e1n tienen un proceso qu\u00edmico para que el tejido se ablande y despu\u00e9s estos bloques se cortan [&hellip;]","og_url":"https:\/\/todoesredondo.es\/?page_id=102","og_site_name":"\u25cc Todo es Redondo \u25cc","article_modified_time":"2023-07-02T21:50:28+00:00","og_image":[{"url":"https:\/\/todoesredondo.es\/wp-content\/uploads\/2023\/07\/1.4.jpg","type":"","width":"","height":""}],"twitter_card":"summary_large_image","twitter_misc":{"Est. reading time":"2 minutes"},"schema":{"@context":"https:\/\/schema.org","@graph":[{"@type":"WebPage","@id":"https:\/\/todoesredondo.es\/?page_id=102","url":"https:\/\/todoesredondo.es\/?page_id=102","name":"Biopsias de Bogot\u00e1 - \u25cc Todo es Redondo \u25cc","isPartOf":{"@id":"https:\/\/todoesredondo.es\/#website"},"primaryImageOfPage":{"@id":"https:\/\/todoesredondo.es\/?page_id=102#primaryimage"},"image":{"@id":"https:\/\/todoesredondo.es\/?page_id=102#primaryimage"},"thumbnailUrl":"https:\/\/todoesredondo.es\/wp-content\/uploads\/2023\/07\/1.4.jpg","datePublished":"2023-07-02T18:58:18+00:00","dateModified":"2023-07-02T21:50:28+00:00","breadcrumb":{"@id":"https:\/\/todoesredondo.es\/?page_id=102#breadcrumb"},"inLanguage":"en-US","potentialAction":[{"@type":"ReadAction","target":["https:\/\/todoesredondo.es\/?page_id=102"]}]},{"@type":"ImageObject","inLanguage":"en-US","@id":"https:\/\/todoesredondo.es\/?page_id=102#primaryimage","url":"https:\/\/todoesredondo.es\/wp-content\/uploads\/2023\/07\/1.4.jpg","contentUrl":"https:\/\/todoesredondo.es\/wp-content\/uploads\/2023\/07\/1.4.jpg"},{"@type":"BreadcrumbList","@id":"https:\/\/todoesredondo.es\/?page_id=102#breadcrumb","itemListElement":[{"@type":"ListItem","position":1,"name":"Portada","item":"https:\/\/todoesredondo.es\/"},{"@type":"ListItem","position":2,"name":"Proyectos","item":"https:\/\/todoesredondo.es\/?page_id=69"},{"@type":"ListItem","position":3,"name":"Biopsias de Bogot\u00e1"}]},{"@type":"WebSite","@id":"https:\/\/todoesredondo.es\/#website","url":"https:\/\/todoesredondo.es\/","name":"\u25cc Todo es Redondo \u25cc","description":"","publisher":{"@id":"https:\/\/todoesredondo.es\/#\/schema\/person\/1576300a3ce607d928606560fb256fb5"},"potentialAction":[{"@type":"SearchAction","target":{"@type":"EntryPoint","urlTemplate":"https:\/\/todoesredondo.es\/?s={search_term_string}"},"query-input":{"@type":"PropertyValueSpecification","valueRequired":true,"valueName":"search_term_string"}}],"inLanguage":"en-US"},{"@type":["Person","Organization"],"@id":"https:\/\/todoesredondo.es\/#\/schema\/person\/1576300a3ce607d928606560fb256fb5","name":"todoesredondo.es","image":{"@type":"ImageObject","inLanguage":"en-US","@id":"https:\/\/todoesredondo.es\/#\/schema\/person\/image\/","url":"https:\/\/secure.gravatar.com\/avatar\/7122c156525b3d3a96c4cdb2245b7bf01b43a51c1dd28ab5d5e0e61450672b9f?s=96&d=mm&r=g","contentUrl":"https:\/\/secure.gravatar.com\/avatar\/7122c156525b3d3a96c4cdb2245b7bf01b43a51c1dd28ab5d5e0e61450672b9f?s=96&d=mm&r=g","caption":"todoesredondo.es"},"logo":{"@id":"https:\/\/todoesredondo.es\/#\/schema\/person\/image\/"},"sameAs":["http:\/\/todoesredondo.es","https:\/\/www.instagram.com\/_todoesredondo\/"]}]}},"_links":{"self":[{"href":"https:\/\/todoesredondo.es\/index.php?rest_route=\/wp\/v2\/pages\/102","targetHints":{"allow":["GET"]}}],"collection":[{"href":"https:\/\/todoesredondo.es\/index.php?rest_route=\/wp\/v2\/pages"}],"about":[{"href":"https:\/\/todoesredondo.es\/index.php?rest_route=\/wp\/v2\/types\/page"}],"author":[{"embeddable":true,"href":"https:\/\/todoesredondo.es\/index.php?rest_route=\/wp\/v2\/users\/1"}],"replies":[{"embeddable":true,"href":"https:\/\/todoesredondo.es\/index.php?rest_route=%2Fwp%2Fv2%2Fcomments&post=102"}],"version-history":[{"count":0,"href":"https:\/\/todoesredondo.es\/index.php?rest_route=\/wp\/v2\/pages\/102\/revisions"}],"up":[{"embeddable":true,"href":"https:\/\/todoesredondo.es\/index.php?rest_route=\/wp\/v2\/pages\/69"}],"wp:attachment":[{"href":"https:\/\/todoesredondo.es\/index.php?rest_route=%2Fwp%2Fv2%2Fmedia&parent=102"}],"curies":[{"name":"wp","href":"https:\/\/api.w.org\/{rel}","templated":true}]}}