{"id":134,"date":"2023-07-02T19:25:00","date_gmt":"2023-07-02T19:25:00","guid":{"rendered":"https:\/\/todoesredondo.es\/?page_id=134"},"modified":"2023-07-02T21:49:36","modified_gmt":"2023-07-02T21:49:36","slug":"esperando-el-incendio","status":"publish","type":"page","link":"https:\/\/todoesredondo.es\/?page_id=134","title":{"rendered":"Esperando el incendio"},"content":{"rendered":"\n<p><\/p>\n\n\n\n<p class=\"has-small-font-size\" id=\"FTcs0NUtMwkZG8e3\">Esperando el incendio es un altar (instalaci\u00f3n) que incluye diferentes objetos que hacen alegor\u00eda a la menstruaci\u00f3n y la fertilidad, como el fruto de la granada, un florero que lleno de vino, unas gotas de parafina moldeadas con fuego y velas que contienen sangre fresca. A medida que el fuego va consumiendo la cera, la sangre va liber\u00e1ndose. En el altar se puede ver una fotograf\u00eda del rostro de una mujer con expresi\u00f3n fuerte. Esta mujer est\u00e1 dejando salir una l\u00e1grima, rompiendo la solidez de su cuerpo. Sobre la fotograf\u00eda hay un dispositivo que sostiene una cuarta vela, la cual al irse consumiendo va vertiendo la parafina sobre la imagen, vel\u00e1ndola. Al final es un ritual para ocultar el rostro. Agregar capas.<\/p>\n\n\n\n<div class=\"wp-block-columns is-layout-flex wp-container-core-columns-is-layout-28f84493 wp-block-columns-is-layout-flex\">\n<div class=\"wp-block-column is-layout-flow wp-block-column-is-layout-flow\">\n<figure class=\"wp-block-image size-large is-resized\"><img fetchpriority=\"high\" decoding=\"async\" src=\"http:\/\/todoesredondo.es\/wp-content\/uploads\/2023\/07\/2-1-1024x1024.jpg\" alt=\"\" class=\"wp-image-137\" width=\"338\" height=\"338\" srcset=\"https:\/\/todoesredondo.es\/wp-content\/uploads\/2023\/07\/2-1-1024x1024.jpg 1024w, https:\/\/todoesredondo.es\/wp-content\/uploads\/2023\/07\/2-1-300x300.jpg 300w, https:\/\/todoesredondo.es\/wp-content\/uploads\/2023\/07\/2-1-150x150.jpg 150w, https:\/\/todoesredondo.es\/wp-content\/uploads\/2023\/07\/2-1-768x768.jpg 768w, https:\/\/todoesredondo.es\/wp-content\/uploads\/2023\/07\/2-1.jpg 1080w\" sizes=\"(max-width: 338px) 100vw, 338px\" \/><\/figure>\n<\/div>\n\n\n\n<div class=\"wp-block-column is-layout-flow wp-block-column-is-layout-flow\">\n<p class=\"has-small-font-size\" id=\"yRmRkxlZz8lejv8h\">Esta instalaci\u00f3n es un altar a mi sangre menstrual. Sangre que me ha permitido mirarme y mirar a otras de forma diferente. Sangre que me ha permitido escapar de la mirada masculina.<\/p>\n\n\n\n<p class=\"has-small-font-size\" id=\"nnRLBIK8HSygB5Ro\">Es un altar construido a la espera paciente de que alg\u00fan d\u00eda se desborden la sangre y el fuego, que se lleven todo. Que lo transformen.<\/p>\n<\/div>\n<\/div>\n\n\n\n<hr class=\"wp-block-separator has-alpha-channel-opacity\"\/>\n\n\n\n<figure class=\"wp-block-video\"><video height=\"1080\" style=\"aspect-ratio: 1920 \/ 1080;\" width=\"1920\" controls src=\"https:\/\/todoesredondo.es\/wp-content\/uploads\/2023\/07\/VID_20221215_202636.mp4\"><\/video><\/figure>\n\n\n\n<hr class=\"wp-block-separator has-alpha-channel-opacity\"\/>\n\n\n\n<div class=\"wp-block-columns is-layout-flex wp-container-core-columns-is-layout-28f84493 wp-block-columns-is-layout-flex\">\n<div class=\"wp-block-column is-layout-flow wp-block-column-is-layout-flow\">\n<figure class=\"wp-block-gallery has-nested-images columns-default is-cropped wp-block-gallery-1 is-layout-flex wp-block-gallery-is-layout-flex\">\n<figure class=\"wp-block-image size-large\"><img decoding=\"async\" width=\"1024\" height=\"1024\" data-id=\"143\" src=\"https:\/\/todoesredondo.es\/wp-content\/uploads\/2023\/07\/3-1024x1024.jpg\" alt=\"\" class=\"wp-image-143\" srcset=\"https:\/\/todoesredondo.es\/wp-content\/uploads\/2023\/07\/3-1024x1024.jpg 1024w, https:\/\/todoesredondo.es\/wp-content\/uploads\/2023\/07\/3-300x300.jpg 300w, https:\/\/todoesredondo.es\/wp-content\/uploads\/2023\/07\/3-150x150.jpg 150w, https:\/\/todoesredondo.es\/wp-content\/uploads\/2023\/07\/3-768x768.jpg 768w, https:\/\/todoesredondo.es\/wp-content\/uploads\/2023\/07\/3.jpg 1080w\" sizes=\"(max-width: 1024px) 100vw, 1024px\" \/><\/figure>\n\n\n\n<figure class=\"wp-block-image size-large\"><img decoding=\"async\" width=\"1080\" height=\"1080\" data-id=\"145\" src=\"https:\/\/todoesredondo.es\/wp-content\/uploads\/2023\/07\/4-1024x1024.jpg\" alt=\"\" class=\"wp-image-145\" srcset=\"https:\/\/todoesredondo.es\/wp-content\/uploads\/2023\/07\/4-1024x1024.jpg 1024w, https:\/\/todoesredondo.es\/wp-content\/uploads\/2023\/07\/4-300x300.jpg 300w, https:\/\/todoesredondo.es\/wp-content\/uploads\/2023\/07\/4-150x150.jpg 150w, https:\/\/todoesredondo.es\/wp-content\/uploads\/2023\/07\/4-768x768.jpg 768w, https:\/\/todoesredondo.es\/wp-content\/uploads\/2023\/07\/4.jpg 1080w\" sizes=\"(max-width: 1080px) 100vw, 1080px\" \/><\/figure>\n\n\n\n<figure class=\"wp-block-image size-large\"><img loading=\"lazy\" decoding=\"async\" width=\"1024\" height=\"1024\" data-id=\"148\" src=\"https:\/\/todoesredondo.es\/wp-content\/uploads\/2023\/07\/5-1-1024x1024.jpg\" alt=\"\" class=\"wp-image-148\" srcset=\"https:\/\/todoesredondo.es\/wp-content\/uploads\/2023\/07\/5-1-1024x1024.jpg 1024w, https:\/\/todoesredondo.es\/wp-content\/uploads\/2023\/07\/5-1-300x300.jpg 300w, https:\/\/todoesredondo.es\/wp-content\/uploads\/2023\/07\/5-1-150x150.jpg 150w, https:\/\/todoesredondo.es\/wp-content\/uploads\/2023\/07\/5-1-768x768.jpg 768w, https:\/\/todoesredondo.es\/wp-content\/uploads\/2023\/07\/5-1.jpg 1080w\" sizes=\"(max-width: 1024px) 100vw, 1024px\" \/><\/figure>\n\n\n\n<figure class=\"wp-block-image size-large\"><img loading=\"lazy\" decoding=\"async\" width=\"1024\" height=\"1024\" data-id=\"149\" src=\"https:\/\/todoesredondo.es\/wp-content\/uploads\/2023\/07\/6-1024x1024.jpg\" alt=\"\" class=\"wp-image-149\" srcset=\"https:\/\/todoesredondo.es\/wp-content\/uploads\/2023\/07\/6-1024x1024.jpg 1024w, https:\/\/todoesredondo.es\/wp-content\/uploads\/2023\/07\/6-300x300.jpg 300w, https:\/\/todoesredondo.es\/wp-content\/uploads\/2023\/07\/6-150x150.jpg 150w, https:\/\/todoesredondo.es\/wp-content\/uploads\/2023\/07\/6-768x768.jpg 768w, https:\/\/todoesredondo.es\/wp-content\/uploads\/2023\/07\/6.jpg 1080w\" sizes=\"(max-width: 1024px) 100vw, 1024px\" \/><\/figure>\n\n\n\n<figure class=\"wp-block-image size-large\"><img loading=\"lazy\" decoding=\"async\" width=\"1024\" height=\"1024\" data-id=\"144\" src=\"https:\/\/todoesredondo.es\/wp-content\/uploads\/2023\/07\/7-1024x1024.jpg\" alt=\"\" class=\"wp-image-144\" srcset=\"https:\/\/todoesredondo.es\/wp-content\/uploads\/2023\/07\/7-1024x1024.jpg 1024w, https:\/\/todoesredondo.es\/wp-content\/uploads\/2023\/07\/7-300x300.jpg 300w, https:\/\/todoesredondo.es\/wp-content\/uploads\/2023\/07\/7-150x150.jpg 150w, https:\/\/todoesredondo.es\/wp-content\/uploads\/2023\/07\/7-768x768.jpg 768w, https:\/\/todoesredondo.es\/wp-content\/uploads\/2023\/07\/7.jpg 1080w\" sizes=\"(max-width: 1024px) 100vw, 1024px\" \/><\/figure>\n\n\n\n<figure class=\"wp-block-image size-large\"><img loading=\"lazy\" decoding=\"async\" width=\"1024\" height=\"1024\" data-id=\"146\" src=\"https:\/\/todoesredondo.es\/wp-content\/uploads\/2023\/07\/9-1024x1024.jpg\" alt=\"\" class=\"wp-image-146\" srcset=\"https:\/\/todoesredondo.es\/wp-content\/uploads\/2023\/07\/9-1024x1024.jpg 1024w, https:\/\/todoesredondo.es\/wp-content\/uploads\/2023\/07\/9-300x300.jpg 300w, https:\/\/todoesredondo.es\/wp-content\/uploads\/2023\/07\/9-150x150.jpg 150w, https:\/\/todoesredondo.es\/wp-content\/uploads\/2023\/07\/9-768x768.jpg 768w, https:\/\/todoesredondo.es\/wp-content\/uploads\/2023\/07\/9.jpg 1080w\" sizes=\"(max-width: 1024px) 100vw, 1024px\" \/><\/figure>\n\n\n\n<figure class=\"wp-block-image size-large\"><img loading=\"lazy\" decoding=\"async\" width=\"1024\" height=\"1024\" data-id=\"147\" src=\"https:\/\/todoesredondo.es\/wp-content\/uploads\/2023\/07\/Sin-titulo-1-2-1024x1024.jpg\" alt=\"\" class=\"wp-image-147\" srcset=\"https:\/\/todoesredondo.es\/wp-content\/uploads\/2023\/07\/Sin-titulo-1-2-1024x1024.jpg 1024w, https:\/\/todoesredondo.es\/wp-content\/uploads\/2023\/07\/Sin-titulo-1-2-300x300.jpg 300w, https:\/\/todoesredondo.es\/wp-content\/uploads\/2023\/07\/Sin-titulo-1-2-150x150.jpg 150w, https:\/\/todoesredondo.es\/wp-content\/uploads\/2023\/07\/Sin-titulo-1-2-768x768.jpg 768w, https:\/\/todoesredondo.es\/wp-content\/uploads\/2023\/07\/Sin-titulo-1-2.jpg 1080w\" sizes=\"(max-width: 1024px) 100vw, 1024px\" \/><\/figure>\n<\/figure>\n<\/div>\n<\/div>\n","protected":false},"excerpt":{"rendered":"<p>Esperando el incendio es un altar (instalaci\u00f3n) que incluye diferentes objetos que hacen alegor\u00eda a la menstruaci\u00f3n y la fertilidad, como el fruto de la granada, un florero que lleno de vino, unas gotas de parafina moldeadas con fuego y velas que contienen sangre fresca. A medida que el fuego va consumiendo la cera, la [&hellip;]<\/p>\n","protected":false},"author":1,"featured_media":0,"parent":69,"menu_order":3,"comment_status":"closed","ping_status":"closed","template":"","meta":{"footnotes":""},"class_list":["post-134","page","type-page","status-publish","hentry"],"yoast_head":"<!-- This site is optimized with the Yoast SEO plugin v26.5 - https:\/\/yoast.com\/wordpress\/plugins\/seo\/ -->\n<title>Esperando el incendio - \u25cc Todo es Redondo \u25cc<\/title>\n<meta name=\"robots\" content=\"index, follow, max-snippet:-1, max-image-preview:large, max-video-preview:-1\" \/>\n<link rel=\"canonical\" href=\"https:\/\/todoesredondo.es\/?page_id=134\" \/>\n<meta property=\"og:locale\" content=\"en_US\" \/>\n<meta property=\"og:type\" content=\"article\" \/>\n<meta property=\"og:title\" content=\"Esperando el incendio - \u25cc Todo es Redondo \u25cc\" \/>\n<meta property=\"og:description\" content=\"Esperando el incendio es un altar (instalaci\u00f3n) que incluye diferentes objetos que hacen alegor\u00eda a la menstruaci\u00f3n y la fertilidad, como el fruto de la granada, un florero que lleno de vino, unas gotas de parafina moldeadas con fuego y velas que contienen sangre fresca. A medida que el fuego va consumiendo la cera, la [&hellip;]\" \/>\n<meta property=\"og:url\" content=\"https:\/\/todoesredondo.es\/?page_id=134\" \/>\n<meta property=\"og:site_name\" content=\"\u25cc Todo es Redondo \u25cc\" \/>\n<meta property=\"article:modified_time\" content=\"2023-07-02T21:49:36+00:00\" \/>\n<meta property=\"og:image\" content=\"http:\/\/todoesredondo.es\/wp-content\/uploads\/2023\/07\/2-1-1024x1024.jpg\" \/>\n<meta name=\"twitter:card\" content=\"summary_large_image\" \/>\n<meta name=\"twitter:label1\" content=\"Est. reading time\" \/>\n\t<meta name=\"twitter:data1\" content=\"3 minutes\" \/>\n<script type=\"application\/ld+json\" class=\"yoast-schema-graph\">{\"@context\":\"https:\/\/schema.org\",\"@graph\":[{\"@type\":\"WebPage\",\"@id\":\"https:\/\/todoesredondo.es\/?page_id=134\",\"url\":\"https:\/\/todoesredondo.es\/?page_id=134\",\"name\":\"Esperando el incendio - \u25cc Todo es Redondo \u25cc\",\"isPartOf\":{\"@id\":\"https:\/\/todoesredondo.es\/#website\"},\"primaryImageOfPage\":{\"@id\":\"https:\/\/todoesredondo.es\/?page_id=134#primaryimage\"},\"image\":{\"@id\":\"https:\/\/todoesredondo.es\/?page_id=134#primaryimage\"},\"thumbnailUrl\":\"http:\/\/todoesredondo.es\/wp-content\/uploads\/2023\/07\/2-1-1024x1024.jpg\",\"datePublished\":\"2023-07-02T19:25:00+00:00\",\"dateModified\":\"2023-07-02T21:49:36+00:00\",\"breadcrumb\":{\"@id\":\"https:\/\/todoesredondo.es\/?page_id=134#breadcrumb\"},\"inLanguage\":\"en-US\",\"potentialAction\":[{\"@type\":\"ReadAction\",\"target\":[\"https:\/\/todoesredondo.es\/?page_id=134\"]}]},{\"@type\":\"ImageObject\",\"inLanguage\":\"en-US\",\"@id\":\"https:\/\/todoesredondo.es\/?page_id=134#primaryimage\",\"url\":\"http:\/\/todoesredondo.es\/wp-content\/uploads\/2023\/07\/2-1-1024x1024.jpg\",\"contentUrl\":\"http:\/\/todoesredondo.es\/wp-content\/uploads\/2023\/07\/2-1-1024x1024.jpg\"},{\"@type\":\"BreadcrumbList\",\"@id\":\"https:\/\/todoesredondo.es\/?page_id=134#breadcrumb\",\"itemListElement\":[{\"@type\":\"ListItem\",\"position\":1,\"name\":\"Portada\",\"item\":\"https:\/\/todoesredondo.es\/\"},{\"@type\":\"ListItem\",\"position\":2,\"name\":\"Proyectos\",\"item\":\"https:\/\/todoesredondo.es\/?page_id=69\"},{\"@type\":\"ListItem\",\"position\":3,\"name\":\"Esperando el incendio\"}]},{\"@type\":\"WebSite\",\"@id\":\"https:\/\/todoesredondo.es\/#website\",\"url\":\"https:\/\/todoesredondo.es\/\",\"name\":\"\u25cc Todo es Redondo \u25cc\",\"description\":\"\",\"publisher\":{\"@id\":\"https:\/\/todoesredondo.es\/#\/schema\/person\/1576300a3ce607d928606560fb256fb5\"},\"potentialAction\":[{\"@type\":\"SearchAction\",\"target\":{\"@type\":\"EntryPoint\",\"urlTemplate\":\"https:\/\/todoesredondo.es\/?s={search_term_string}\"},\"query-input\":{\"@type\":\"PropertyValueSpecification\",\"valueRequired\":true,\"valueName\":\"search_term_string\"}}],\"inLanguage\":\"en-US\"},{\"@type\":[\"Person\",\"Organization\"],\"@id\":\"https:\/\/todoesredondo.es\/#\/schema\/person\/1576300a3ce607d928606560fb256fb5\",\"name\":\"todoesredondo.es\",\"image\":{\"@type\":\"ImageObject\",\"inLanguage\":\"en-US\",\"@id\":\"https:\/\/todoesredondo.es\/#\/schema\/person\/image\/\",\"url\":\"https:\/\/secure.gravatar.com\/avatar\/7122c156525b3d3a96c4cdb2245b7bf01b43a51c1dd28ab5d5e0e61450672b9f?s=96&d=mm&r=g\",\"contentUrl\":\"https:\/\/secure.gravatar.com\/avatar\/7122c156525b3d3a96c4cdb2245b7bf01b43a51c1dd28ab5d5e0e61450672b9f?s=96&d=mm&r=g\",\"caption\":\"todoesredondo.es\"},\"logo\":{\"@id\":\"https:\/\/todoesredondo.es\/#\/schema\/person\/image\/\"},\"sameAs\":[\"http:\/\/todoesredondo.es\",\"https:\/\/www.instagram.com\/_todoesredondo\/\"]}]}<\/script>\n<!-- \/ Yoast SEO plugin. -->","yoast_head_json":{"title":"Esperando el incendio - \u25cc Todo es Redondo \u25cc","robots":{"index":"index","follow":"follow","max-snippet":"max-snippet:-1","max-image-preview":"max-image-preview:large","max-video-preview":"max-video-preview:-1"},"canonical":"https:\/\/todoesredondo.es\/?page_id=134","og_locale":"en_US","og_type":"article","og_title":"Esperando el incendio - \u25cc Todo es Redondo \u25cc","og_description":"Esperando el incendio es un altar (instalaci\u00f3n) que incluye diferentes objetos que hacen alegor\u00eda a la menstruaci\u00f3n y la fertilidad, como el fruto de la granada, un florero que lleno de vino, unas gotas de parafina moldeadas con fuego y velas que contienen sangre fresca. A medida que el fuego va consumiendo la cera, la [&hellip;]","og_url":"https:\/\/todoesredondo.es\/?page_id=134","og_site_name":"\u25cc Todo es Redondo \u25cc","article_modified_time":"2023-07-02T21:49:36+00:00","og_image":[{"url":"http:\/\/todoesredondo.es\/wp-content\/uploads\/2023\/07\/2-1-1024x1024.jpg","type":"","width":"","height":""}],"twitter_card":"summary_large_image","twitter_misc":{"Est. reading time":"3 minutes"},"schema":{"@context":"https:\/\/schema.org","@graph":[{"@type":"WebPage","@id":"https:\/\/todoesredondo.es\/?page_id=134","url":"https:\/\/todoesredondo.es\/?page_id=134","name":"Esperando el incendio - \u25cc Todo es Redondo \u25cc","isPartOf":{"@id":"https:\/\/todoesredondo.es\/#website"},"primaryImageOfPage":{"@id":"https:\/\/todoesredondo.es\/?page_id=134#primaryimage"},"image":{"@id":"https:\/\/todoesredondo.es\/?page_id=134#primaryimage"},"thumbnailUrl":"http:\/\/todoesredondo.es\/wp-content\/uploads\/2023\/07\/2-1-1024x1024.jpg","datePublished":"2023-07-02T19:25:00+00:00","dateModified":"2023-07-02T21:49:36+00:00","breadcrumb":{"@id":"https:\/\/todoesredondo.es\/?page_id=134#breadcrumb"},"inLanguage":"en-US","potentialAction":[{"@type":"ReadAction","target":["https:\/\/todoesredondo.es\/?page_id=134"]}]},{"@type":"ImageObject","inLanguage":"en-US","@id":"https:\/\/todoesredondo.es\/?page_id=134#primaryimage","url":"http:\/\/todoesredondo.es\/wp-content\/uploads\/2023\/07\/2-1-1024x1024.jpg","contentUrl":"http:\/\/todoesredondo.es\/wp-content\/uploads\/2023\/07\/2-1-1024x1024.jpg"},{"@type":"BreadcrumbList","@id":"https:\/\/todoesredondo.es\/?page_id=134#breadcrumb","itemListElement":[{"@type":"ListItem","position":1,"name":"Portada","item":"https:\/\/todoesredondo.es\/"},{"@type":"ListItem","position":2,"name":"Proyectos","item":"https:\/\/todoesredondo.es\/?page_id=69"},{"@type":"ListItem","position":3,"name":"Esperando el incendio"}]},{"@type":"WebSite","@id":"https:\/\/todoesredondo.es\/#website","url":"https:\/\/todoesredondo.es\/","name":"\u25cc Todo es Redondo \u25cc","description":"","publisher":{"@id":"https:\/\/todoesredondo.es\/#\/schema\/person\/1576300a3ce607d928606560fb256fb5"},"potentialAction":[{"@type":"SearchAction","target":{"@type":"EntryPoint","urlTemplate":"https:\/\/todoesredondo.es\/?s={search_term_string}"},"query-input":{"@type":"PropertyValueSpecification","valueRequired":true,"valueName":"search_term_string"}}],"inLanguage":"en-US"},{"@type":["Person","Organization"],"@id":"https:\/\/todoesredondo.es\/#\/schema\/person\/1576300a3ce607d928606560fb256fb5","name":"todoesredondo.es","image":{"@type":"ImageObject","inLanguage":"en-US","@id":"https:\/\/todoesredondo.es\/#\/schema\/person\/image\/","url":"https:\/\/secure.gravatar.com\/avatar\/7122c156525b3d3a96c4cdb2245b7bf01b43a51c1dd28ab5d5e0e61450672b9f?s=96&d=mm&r=g","contentUrl":"https:\/\/secure.gravatar.com\/avatar\/7122c156525b3d3a96c4cdb2245b7bf01b43a51c1dd28ab5d5e0e61450672b9f?s=96&d=mm&r=g","caption":"todoesredondo.es"},"logo":{"@id":"https:\/\/todoesredondo.es\/#\/schema\/person\/image\/"},"sameAs":["http:\/\/todoesredondo.es","https:\/\/www.instagram.com\/_todoesredondo\/"]}]}},"_links":{"self":[{"href":"https:\/\/todoesredondo.es\/index.php?rest_route=\/wp\/v2\/pages\/134","targetHints":{"allow":["GET"]}}],"collection":[{"href":"https:\/\/todoesredondo.es\/index.php?rest_route=\/wp\/v2\/pages"}],"about":[{"href":"https:\/\/todoesredondo.es\/index.php?rest_route=\/wp\/v2\/types\/page"}],"author":[{"embeddable":true,"href":"https:\/\/todoesredondo.es\/index.php?rest_route=\/wp\/v2\/users\/1"}],"replies":[{"embeddable":true,"href":"https:\/\/todoesredondo.es\/index.php?rest_route=%2Fwp%2Fv2%2Fcomments&post=134"}],"version-history":[{"count":0,"href":"https:\/\/todoesredondo.es\/index.php?rest_route=\/wp\/v2\/pages\/134\/revisions"}],"up":[{"embeddable":true,"href":"https:\/\/todoesredondo.es\/index.php?rest_route=\/wp\/v2\/pages\/69"}],"wp:attachment":[{"href":"https:\/\/todoesredondo.es\/index.php?rest_route=%2Fwp%2Fv2%2Fmedia&parent=134"}],"curies":[{"name":"wp","href":"https:\/\/api.w.org\/{rel}","templated":true}]}}