{"id":180,"date":"2023-07-02T20:39:44","date_gmt":"2023-07-02T20:39:44","guid":{"rendered":"https:\/\/todoesredondo.es\/?page_id=180"},"modified":"2023-07-02T21:49:19","modified_gmt":"2023-07-02T21:49:19","slug":"tinta-sangre","status":"publish","type":"page","link":"https:\/\/todoesredondo.es\/?page_id=180","title":{"rendered":"Tinta sangre"},"content":{"rendered":"\n<figure class=\"wp-block-gallery has-nested-images columns-default is-cropped wp-block-gallery-1 is-layout-flex wp-block-gallery-is-layout-flex\">\n<figure class=\"wp-block-image size-large\"><img fetchpriority=\"high\" decoding=\"async\" width=\"1024\" height=\"815\" data-id=\"183\" src=\"https:\/\/todoesredondo.es\/wp-content\/uploads\/2023\/07\/Mes-1-1024x815.jpg\" alt=\"\" class=\"wp-image-183\" srcset=\"https:\/\/todoesredondo.es\/wp-content\/uploads\/2023\/07\/Mes-1-1024x815.jpg 1024w, https:\/\/todoesredondo.es\/wp-content\/uploads\/2023\/07\/Mes-1-300x239.jpg 300w, https:\/\/todoesredondo.es\/wp-content\/uploads\/2023\/07\/Mes-1-768x611.jpg 768w, https:\/\/todoesredondo.es\/wp-content\/uploads\/2023\/07\/Mes-1-1536x1222.jpg 1536w, https:\/\/todoesredondo.es\/wp-content\/uploads\/2023\/07\/Mes-1.jpg 1747w\" sizes=\"(max-width: 1024px) 100vw, 1024px\" \/><\/figure>\n\n\n\n<figure class=\"wp-block-image size-large\"><img decoding=\"async\" width=\"722\" height=\"1024\" data-id=\"185\" src=\"https:\/\/todoesredondo.es\/wp-content\/uploads\/2023\/07\/Mes-2-1-722x1024.jpg\" alt=\"\" class=\"wp-image-185\" srcset=\"https:\/\/todoesredondo.es\/wp-content\/uploads\/2023\/07\/Mes-2-1-722x1024.jpg 722w, https:\/\/todoesredondo.es\/wp-content\/uploads\/2023\/07\/Mes-2-1-211x300.jpg 211w, https:\/\/todoesredondo.es\/wp-content\/uploads\/2023\/07\/Mes-2-1-768x1090.jpg 768w, https:\/\/todoesredondo.es\/wp-content\/uploads\/2023\/07\/Mes-2-1-1083x1536.jpg 1083w, https:\/\/todoesredondo.es\/wp-content\/uploads\/2023\/07\/Mes-2-1-1444x2048.jpg 1444w, https:\/\/todoesredondo.es\/wp-content\/uploads\/2023\/07\/Mes-2-1.jpg 1748w\" sizes=\"(max-width: 722px) 100vw, 722px\" \/><\/figure>\n\n\n\n<figure class=\"wp-block-image size-large\"><img decoding=\"async\" width=\"722\" height=\"1024\" data-id=\"186\" src=\"https:\/\/todoesredondo.es\/wp-content\/uploads\/2023\/07\/Mes-3-722x1024.jpg\" alt=\"\" class=\"wp-image-186\" srcset=\"https:\/\/todoesredondo.es\/wp-content\/uploads\/2023\/07\/Mes-3-722x1024.jpg 722w, https:\/\/todoesredondo.es\/wp-content\/uploads\/2023\/07\/Mes-3-211x300.jpg 211w, https:\/\/todoesredondo.es\/wp-content\/uploads\/2023\/07\/Mes-3-768x1090.jpg 768w, https:\/\/todoesredondo.es\/wp-content\/uploads\/2023\/07\/Mes-3-1083x1536.jpg 1083w, https:\/\/todoesredondo.es\/wp-content\/uploads\/2023\/07\/Mes-3-1444x2048.jpg 1444w, https:\/\/todoesredondo.es\/wp-content\/uploads\/2023\/07\/Mes-3.jpg 1748w\" sizes=\"(max-width: 722px) 100vw, 722px\" \/><\/figure>\n\n\n\n<figure class=\"wp-block-image size-large\"><img loading=\"lazy\" decoding=\"async\" width=\"722\" height=\"1024\" data-id=\"187\" src=\"https:\/\/todoesredondo.es\/wp-content\/uploads\/2023\/07\/Mes-4-722x1024.jpg\" alt=\"\" class=\"wp-image-187\" srcset=\"https:\/\/todoesredondo.es\/wp-content\/uploads\/2023\/07\/Mes-4-722x1024.jpg 722w, https:\/\/todoesredondo.es\/wp-content\/uploads\/2023\/07\/Mes-4-211x300.jpg 211w, https:\/\/todoesredondo.es\/wp-content\/uploads\/2023\/07\/Mes-4-768x1090.jpg 768w, https:\/\/todoesredondo.es\/wp-content\/uploads\/2023\/07\/Mes-4-1083x1536.jpg 1083w, https:\/\/todoesredondo.es\/wp-content\/uploads\/2023\/07\/Mes-4-1444x2048.jpg 1444w, https:\/\/todoesredondo.es\/wp-content\/uploads\/2023\/07\/Mes-4.jpg 1748w\" sizes=\"(max-width: 722px) 100vw, 722px\" \/><\/figure>\n\n\n\n<figure class=\"wp-block-image size-large\"><img loading=\"lazy\" decoding=\"async\" width=\"722\" height=\"1024\" data-id=\"184\" src=\"https:\/\/todoesredondo.es\/wp-content\/uploads\/2023\/07\/Mes-5-722x1024.jpg\" alt=\"\" class=\"wp-image-184\" srcset=\"https:\/\/todoesredondo.es\/wp-content\/uploads\/2023\/07\/Mes-5-722x1024.jpg 722w, https:\/\/todoesredondo.es\/wp-content\/uploads\/2023\/07\/Mes-5-211x300.jpg 211w, https:\/\/todoesredondo.es\/wp-content\/uploads\/2023\/07\/Mes-5-768x1090.jpg 768w, https:\/\/todoesredondo.es\/wp-content\/uploads\/2023\/07\/Mes-5-1083x1536.jpg 1083w, https:\/\/todoesredondo.es\/wp-content\/uploads\/2023\/07\/Mes-5-1444x2048.jpg 1444w, https:\/\/todoesredondo.es\/wp-content\/uploads\/2023\/07\/Mes-5.jpg 1748w\" sizes=\"(max-width: 722px) 100vw, 722px\" \/><\/figure>\n\n\n\n<figure class=\"wp-block-image size-large\"><img loading=\"lazy\" decoding=\"async\" width=\"722\" height=\"1024\" data-id=\"191\" src=\"https:\/\/todoesredondo.es\/wp-content\/uploads\/2023\/07\/Mes-6-722x1024.jpg\" alt=\"\" class=\"wp-image-191\" srcset=\"https:\/\/todoesredondo.es\/wp-content\/uploads\/2023\/07\/Mes-6-722x1024.jpg 722w, https:\/\/todoesredondo.es\/wp-content\/uploads\/2023\/07\/Mes-6-211x300.jpg 211w, https:\/\/todoesredondo.es\/wp-content\/uploads\/2023\/07\/Mes-6-768x1090.jpg 768w, https:\/\/todoesredondo.es\/wp-content\/uploads\/2023\/07\/Mes-6-1083x1536.jpg 1083w, https:\/\/todoesredondo.es\/wp-content\/uploads\/2023\/07\/Mes-6-1444x2048.jpg 1444w, https:\/\/todoesredondo.es\/wp-content\/uploads\/2023\/07\/Mes-6.jpg 1748w\" sizes=\"(max-width: 722px) 100vw, 722px\" \/><\/figure>\n\n\n\n<figure class=\"wp-block-image size-large\"><img loading=\"lazy\" decoding=\"async\" width=\"722\" height=\"1024\" data-id=\"188\" src=\"https:\/\/todoesredondo.es\/wp-content\/uploads\/2023\/07\/Mes-7-722x1024.jpg\" alt=\"\" class=\"wp-image-188\" srcset=\"https:\/\/todoesredondo.es\/wp-content\/uploads\/2023\/07\/Mes-7-722x1024.jpg 722w, https:\/\/todoesredondo.es\/wp-content\/uploads\/2023\/07\/Mes-7-211x300.jpg 211w, https:\/\/todoesredondo.es\/wp-content\/uploads\/2023\/07\/Mes-7-768x1090.jpg 768w, https:\/\/todoesredondo.es\/wp-content\/uploads\/2023\/07\/Mes-7-1083x1536.jpg 1083w, https:\/\/todoesredondo.es\/wp-content\/uploads\/2023\/07\/Mes-7-1444x2048.jpg 1444w, https:\/\/todoesredondo.es\/wp-content\/uploads\/2023\/07\/Mes-7.jpg 1748w\" sizes=\"(max-width: 722px) 100vw, 722px\" \/><\/figure>\n\n\n\n<figure class=\"wp-block-image size-large\"><img loading=\"lazy\" decoding=\"async\" width=\"722\" height=\"1024\" data-id=\"190\" src=\"https:\/\/todoesredondo.es\/wp-content\/uploads\/2023\/07\/Mes-8-722x1024.jpg\" alt=\"\" class=\"wp-image-190\" srcset=\"https:\/\/todoesredondo.es\/wp-content\/uploads\/2023\/07\/Mes-8-722x1024.jpg 722w, https:\/\/todoesredondo.es\/wp-content\/uploads\/2023\/07\/Mes-8-211x300.jpg 211w, https:\/\/todoesredondo.es\/wp-content\/uploads\/2023\/07\/Mes-8-768x1090.jpg 768w, https:\/\/todoesredondo.es\/wp-content\/uploads\/2023\/07\/Mes-8-1083x1536.jpg 1083w, https:\/\/todoesredondo.es\/wp-content\/uploads\/2023\/07\/Mes-8-1444x2048.jpg 1444w, https:\/\/todoesredondo.es\/wp-content\/uploads\/2023\/07\/Mes-8.jpg 1748w\" sizes=\"(max-width: 722px) 100vw, 722px\" \/><\/figure>\n\n\n\n<figure class=\"wp-block-image size-large\"><img loading=\"lazy\" decoding=\"async\" width=\"722\" height=\"1024\" data-id=\"189\" src=\"https:\/\/todoesredondo.es\/wp-content\/uploads\/2023\/07\/Mes-9-722x1024.jpg\" alt=\"\" class=\"wp-image-189\" srcset=\"https:\/\/todoesredondo.es\/wp-content\/uploads\/2023\/07\/Mes-9-722x1024.jpg 722w, https:\/\/todoesredondo.es\/wp-content\/uploads\/2023\/07\/Mes-9-211x300.jpg 211w, https:\/\/todoesredondo.es\/wp-content\/uploads\/2023\/07\/Mes-9-768x1090.jpg 768w, https:\/\/todoesredondo.es\/wp-content\/uploads\/2023\/07\/Mes-9-1083x1536.jpg 1083w, https:\/\/todoesredondo.es\/wp-content\/uploads\/2023\/07\/Mes-9-1444x2048.jpg 1444w, https:\/\/todoesredondo.es\/wp-content\/uploads\/2023\/07\/Mes-9.jpg 1748w\" sizes=\"(max-width: 722px) 100vw, 722px\" \/><\/figure>\n<\/figure>\n\n\n\n<div style=\"height:100px\" aria-hidden=\"true\" class=\"wp-block-spacer\"><\/div>\n\n\n\n<p><\/p>\n\n\n\n<p class=\"has-small-font-size\">Tinta sangre: un diario sobre mi ciclo, es una serie de 9 collages digitales, acompa\u00f1ados por notas que escrib\u00ed durante 9 meses de encierro, donde estuve recolectando mi sangre menstrual, observandola y haci\u00e9ndome consciente de lo que sent\u00eda durante ese momento particular de mi ciclo.<br>Los collages est\u00e1n compuestos por im\u00e1genes de archivo que describen, mejor que las palabras, lo que pasaba por mi cabeza en esos momentos. Tambi\u00e9n se pueden ver varias fotograf\u00edas que registran, mes a mes, este proceso.<br><\/p>\n\n\n\n<p class=\"has-small-font-size\">Acompa\u00f1ando las notas se encuentra un peque\u00f1o tejido compuesto por retazos de papel manchados con las sangre menstrual de diferentes meses.<\/p>\n\n\n\n<div style=\"height:100px\" aria-hidden=\"true\" class=\"wp-block-spacer\"><\/div>\n\n\n\n<hr class=\"wp-block-separator has-alpha-channel-opacity\"\/>\n\n\n\n<figure class=\"wp-block-gallery has-nested-images columns-default is-cropped wp-block-gallery-2 is-layout-flex wp-block-gallery-is-layout-flex\">\n<figure class=\"wp-block-image size-large\"><img loading=\"lazy\" decoding=\"async\" width=\"1024\" height=\"1024\" data-id=\"196\" src=\"https:\/\/todoesredondo.es\/wp-content\/uploads\/2023\/07\/1-1024x1024.jpg\" alt=\"\" class=\"wp-image-196\" srcset=\"https:\/\/todoesredondo.es\/wp-content\/uploads\/2023\/07\/1-1024x1024.jpg 1024w, https:\/\/todoesredondo.es\/wp-content\/uploads\/2023\/07\/1-300x300.jpg 300w, https:\/\/todoesredondo.es\/wp-content\/uploads\/2023\/07\/1-150x150.jpg 150w, https:\/\/todoesredondo.es\/wp-content\/uploads\/2023\/07\/1-768x768.jpg 768w, https:\/\/todoesredondo.es\/wp-content\/uploads\/2023\/07\/1.jpg 1080w\" sizes=\"(max-width: 1024px) 100vw, 1024px\" \/><\/figure>\n\n\n\n<figure class=\"wp-block-image size-large\"><img loading=\"lazy\" decoding=\"async\" width=\"1024\" height=\"1024\" data-id=\"199\" src=\"https:\/\/todoesredondo.es\/wp-content\/uploads\/2023\/07\/2-2-1024x1024.jpg\" alt=\"\" class=\"wp-image-199\" srcset=\"https:\/\/todoesredondo.es\/wp-content\/uploads\/2023\/07\/2-2-1024x1024.jpg 1024w, https:\/\/todoesredondo.es\/wp-content\/uploads\/2023\/07\/2-2-300x300.jpg 300w, https:\/\/todoesredondo.es\/wp-content\/uploads\/2023\/07\/2-2-150x150.jpg 150w, https:\/\/todoesredondo.es\/wp-content\/uploads\/2023\/07\/2-2-768x768.jpg 768w, https:\/\/todoesredondo.es\/wp-content\/uploads\/2023\/07\/2-2.jpg 1080w\" sizes=\"(max-width: 1024px) 100vw, 1024px\" \/><\/figure>\n\n\n\n<figure class=\"wp-block-image size-large\"><img loading=\"lazy\" decoding=\"async\" width=\"1024\" height=\"1024\" data-id=\"198\" src=\"https:\/\/todoesredondo.es\/wp-content\/uploads\/2023\/07\/3-1-1024x1024.jpg\" alt=\"\" class=\"wp-image-198\" srcset=\"https:\/\/todoesredondo.es\/wp-content\/uploads\/2023\/07\/3-1-1024x1024.jpg 1024w, https:\/\/todoesredondo.es\/wp-content\/uploads\/2023\/07\/3-1-300x300.jpg 300w, https:\/\/todoesredondo.es\/wp-content\/uploads\/2023\/07\/3-1-150x150.jpg 150w, https:\/\/todoesredondo.es\/wp-content\/uploads\/2023\/07\/3-1-768x768.jpg 768w, https:\/\/todoesredondo.es\/wp-content\/uploads\/2023\/07\/3-1.jpg 1080w\" sizes=\"(max-width: 1024px) 100vw, 1024px\" \/><\/figure>\n\n\n\n<figure class=\"wp-block-image size-large\"><img loading=\"lazy\" decoding=\"async\" width=\"1024\" height=\"1024\" data-id=\"197\" src=\"https:\/\/todoesredondo.es\/wp-content\/uploads\/2023\/07\/4-1-1024x1024.jpg\" alt=\"\" class=\"wp-image-197\" srcset=\"https:\/\/todoesredondo.es\/wp-content\/uploads\/2023\/07\/4-1-1024x1024.jpg 1024w, https:\/\/todoesredondo.es\/wp-content\/uploads\/2023\/07\/4-1-300x300.jpg 300w, https:\/\/todoesredondo.es\/wp-content\/uploads\/2023\/07\/4-1-150x150.jpg 150w, https:\/\/todoesredondo.es\/wp-content\/uploads\/2023\/07\/4-1-768x768.jpg 768w, https:\/\/todoesredondo.es\/wp-content\/uploads\/2023\/07\/4-1.jpg 1080w\" sizes=\"(max-width: 1024px) 100vw, 1024px\" \/><\/figure>\n\n\n\n<figure class=\"wp-block-image size-large\"><img loading=\"lazy\" decoding=\"async\" width=\"768\" height=\"1024\" data-id=\"200\" src=\"https:\/\/todoesredondo.es\/wp-content\/uploads\/2023\/07\/2023-03-03-19.31.12-768x1024.jpg\" alt=\"\" class=\"wp-image-200\" srcset=\"https:\/\/todoesredondo.es\/wp-content\/uploads\/2023\/07\/2023-03-03-19.31.12-768x1024.jpg 768w, https:\/\/todoesredondo.es\/wp-content\/uploads\/2023\/07\/2023-03-03-19.31.12-225x300.jpg 225w, https:\/\/todoesredondo.es\/wp-content\/uploads\/2023\/07\/2023-03-03-19.31.12-1152x1536.jpg 1152w, https:\/\/todoesredondo.es\/wp-content\/uploads\/2023\/07\/2023-03-03-19.31.12-1536x2048.jpg 1536w, https:\/\/todoesredondo.es\/wp-content\/uploads\/2023\/07\/2023-03-03-19.31.12-scaled.jpg 1920w\" sizes=\"(max-width: 768px) 100vw, 768px\" \/><\/figure>\n<\/figure>\n","protected":false},"excerpt":{"rendered":"<p>Tinta sangre: un diario sobre mi ciclo, es una serie de 9 collages digitales, acompa\u00f1ados por notas que escrib\u00ed durante 9 meses de encierro, donde estuve recolectando mi sangre menstrual, observandola y haci\u00e9ndome consciente de lo que sent\u00eda durante ese momento particular de mi ciclo.Los collages est\u00e1n compuestos por im\u00e1genes de archivo que describen, mejor [&hellip;]<\/p>\n","protected":false},"author":1,"featured_media":0,"parent":69,"menu_order":2,"comment_status":"closed","ping_status":"closed","template":"","meta":{"footnotes":""},"class_list":["post-180","page","type-page","status-publish","hentry"],"yoast_head":"<!-- This site is optimized with the Yoast SEO plugin v26.5 - https:\/\/yoast.com\/wordpress\/plugins\/seo\/ -->\n<title>Tinta sangre - \u25cc Todo es Redondo \u25cc<\/title>\n<meta name=\"robots\" content=\"index, follow, max-snippet:-1, max-image-preview:large, max-video-preview:-1\" \/>\n<link rel=\"canonical\" href=\"https:\/\/todoesredondo.es\/?page_id=180\" \/>\n<meta property=\"og:locale\" content=\"en_US\" \/>\n<meta property=\"og:type\" content=\"article\" \/>\n<meta property=\"og:title\" content=\"Tinta sangre - \u25cc Todo es Redondo \u25cc\" \/>\n<meta property=\"og:description\" content=\"Tinta sangre: un diario sobre mi ciclo, es una serie de 9 collages digitales, acompa\u00f1ados por notas que escrib\u00ed durante 9 meses de encierro, donde estuve recolectando mi sangre menstrual, observandola y haci\u00e9ndome consciente de lo que sent\u00eda durante ese momento particular de mi ciclo.Los collages est\u00e1n compuestos por im\u00e1genes de archivo que describen, mejor [&hellip;]\" \/>\n<meta property=\"og:url\" content=\"https:\/\/todoesredondo.es\/?page_id=180\" \/>\n<meta property=\"og:site_name\" content=\"\u25cc Todo es Redondo \u25cc\" \/>\n<meta property=\"article:modified_time\" content=\"2023-07-02T21:49:19+00:00\" \/>\n<meta property=\"og:image\" content=\"https:\/\/todoesredondo.es\/wp-content\/uploads\/2023\/07\/Mes-1-1024x815.jpg\" \/>\n<meta name=\"twitter:card\" content=\"summary_large_image\" \/>\n<meta name=\"twitter:label1\" content=\"Est. reading time\" \/>\n\t<meta name=\"twitter:data1\" content=\"4 minutes\" \/>\n<script type=\"application\/ld+json\" class=\"yoast-schema-graph\">{\"@context\":\"https:\/\/schema.org\",\"@graph\":[{\"@type\":\"WebPage\",\"@id\":\"https:\/\/todoesredondo.es\/?page_id=180\",\"url\":\"https:\/\/todoesredondo.es\/?page_id=180\",\"name\":\"Tinta sangre - \u25cc Todo es Redondo \u25cc\",\"isPartOf\":{\"@id\":\"https:\/\/todoesredondo.es\/#website\"},\"primaryImageOfPage\":{\"@id\":\"https:\/\/todoesredondo.es\/?page_id=180#primaryimage\"},\"image\":{\"@id\":\"https:\/\/todoesredondo.es\/?page_id=180#primaryimage\"},\"thumbnailUrl\":\"https:\/\/todoesredondo.es\/wp-content\/uploads\/2023\/07\/Mes-1-1024x815.jpg\",\"datePublished\":\"2023-07-02T20:39:44+00:00\",\"dateModified\":\"2023-07-02T21:49:19+00:00\",\"breadcrumb\":{\"@id\":\"https:\/\/todoesredondo.es\/?page_id=180#breadcrumb\"},\"inLanguage\":\"en-US\",\"potentialAction\":[{\"@type\":\"ReadAction\",\"target\":[\"https:\/\/todoesredondo.es\/?page_id=180\"]}]},{\"@type\":\"ImageObject\",\"inLanguage\":\"en-US\",\"@id\":\"https:\/\/todoesredondo.es\/?page_id=180#primaryimage\",\"url\":\"https:\/\/todoesredondo.es\/wp-content\/uploads\/2023\/07\/Mes-1-1024x815.jpg\",\"contentUrl\":\"https:\/\/todoesredondo.es\/wp-content\/uploads\/2023\/07\/Mes-1-1024x815.jpg\"},{\"@type\":\"BreadcrumbList\",\"@id\":\"https:\/\/todoesredondo.es\/?page_id=180#breadcrumb\",\"itemListElement\":[{\"@type\":\"ListItem\",\"position\":1,\"name\":\"Portada\",\"item\":\"https:\/\/todoesredondo.es\/\"},{\"@type\":\"ListItem\",\"position\":2,\"name\":\"Proyectos\",\"item\":\"https:\/\/todoesredondo.es\/?page_id=69\"},{\"@type\":\"ListItem\",\"position\":3,\"name\":\"Tinta sangre\"}]},{\"@type\":\"WebSite\",\"@id\":\"https:\/\/todoesredondo.es\/#website\",\"url\":\"https:\/\/todoesredondo.es\/\",\"name\":\"\u25cc Todo es Redondo \u25cc\",\"description\":\"\",\"publisher\":{\"@id\":\"https:\/\/todoesredondo.es\/#\/schema\/person\/1576300a3ce607d928606560fb256fb5\"},\"potentialAction\":[{\"@type\":\"SearchAction\",\"target\":{\"@type\":\"EntryPoint\",\"urlTemplate\":\"https:\/\/todoesredondo.es\/?s={search_term_string}\"},\"query-input\":{\"@type\":\"PropertyValueSpecification\",\"valueRequired\":true,\"valueName\":\"search_term_string\"}}],\"inLanguage\":\"en-US\"},{\"@type\":[\"Person\",\"Organization\"],\"@id\":\"https:\/\/todoesredondo.es\/#\/schema\/person\/1576300a3ce607d928606560fb256fb5\",\"name\":\"todoesredondo.es\",\"image\":{\"@type\":\"ImageObject\",\"inLanguage\":\"en-US\",\"@id\":\"https:\/\/todoesredondo.es\/#\/schema\/person\/image\/\",\"url\":\"https:\/\/secure.gravatar.com\/avatar\/7122c156525b3d3a96c4cdb2245b7bf01b43a51c1dd28ab5d5e0e61450672b9f?s=96&d=mm&r=g\",\"contentUrl\":\"https:\/\/secure.gravatar.com\/avatar\/7122c156525b3d3a96c4cdb2245b7bf01b43a51c1dd28ab5d5e0e61450672b9f?s=96&d=mm&r=g\",\"caption\":\"todoesredondo.es\"},\"logo\":{\"@id\":\"https:\/\/todoesredondo.es\/#\/schema\/person\/image\/\"},\"sameAs\":[\"http:\/\/todoesredondo.es\",\"https:\/\/www.instagram.com\/_todoesredondo\/\"]}]}<\/script>\n<!-- \/ Yoast SEO plugin. -->","yoast_head_json":{"title":"Tinta sangre - \u25cc Todo es Redondo \u25cc","robots":{"index":"index","follow":"follow","max-snippet":"max-snippet:-1","max-image-preview":"max-image-preview:large","max-video-preview":"max-video-preview:-1"},"canonical":"https:\/\/todoesredondo.es\/?page_id=180","og_locale":"en_US","og_type":"article","og_title":"Tinta sangre - \u25cc Todo es Redondo \u25cc","og_description":"Tinta sangre: un diario sobre mi ciclo, es una serie de 9 collages digitales, acompa\u00f1ados por notas que escrib\u00ed durante 9 meses de encierro, donde estuve recolectando mi sangre menstrual, observandola y haci\u00e9ndome consciente de lo que sent\u00eda durante ese momento particular de mi ciclo.Los collages est\u00e1n compuestos por im\u00e1genes de archivo que describen, mejor [&hellip;]","og_url":"https:\/\/todoesredondo.es\/?page_id=180","og_site_name":"\u25cc Todo es Redondo \u25cc","article_modified_time":"2023-07-02T21:49:19+00:00","og_image":[{"url":"https:\/\/todoesredondo.es\/wp-content\/uploads\/2023\/07\/Mes-1-1024x815.jpg","type":"","width":"","height":""}],"twitter_card":"summary_large_image","twitter_misc":{"Est. reading time":"4 minutes"},"schema":{"@context":"https:\/\/schema.org","@graph":[{"@type":"WebPage","@id":"https:\/\/todoesredondo.es\/?page_id=180","url":"https:\/\/todoesredondo.es\/?page_id=180","name":"Tinta sangre - \u25cc Todo es Redondo \u25cc","isPartOf":{"@id":"https:\/\/todoesredondo.es\/#website"},"primaryImageOfPage":{"@id":"https:\/\/todoesredondo.es\/?page_id=180#primaryimage"},"image":{"@id":"https:\/\/todoesredondo.es\/?page_id=180#primaryimage"},"thumbnailUrl":"https:\/\/todoesredondo.es\/wp-content\/uploads\/2023\/07\/Mes-1-1024x815.jpg","datePublished":"2023-07-02T20:39:44+00:00","dateModified":"2023-07-02T21:49:19+00:00","breadcrumb":{"@id":"https:\/\/todoesredondo.es\/?page_id=180#breadcrumb"},"inLanguage":"en-US","potentialAction":[{"@type":"ReadAction","target":["https:\/\/todoesredondo.es\/?page_id=180"]}]},{"@type":"ImageObject","inLanguage":"en-US","@id":"https:\/\/todoesredondo.es\/?page_id=180#primaryimage","url":"https:\/\/todoesredondo.es\/wp-content\/uploads\/2023\/07\/Mes-1-1024x815.jpg","contentUrl":"https:\/\/todoesredondo.es\/wp-content\/uploads\/2023\/07\/Mes-1-1024x815.jpg"},{"@type":"BreadcrumbList","@id":"https:\/\/todoesredondo.es\/?page_id=180#breadcrumb","itemListElement":[{"@type":"ListItem","position":1,"name":"Portada","item":"https:\/\/todoesredondo.es\/"},{"@type":"ListItem","position":2,"name":"Proyectos","item":"https:\/\/todoesredondo.es\/?page_id=69"},{"@type":"ListItem","position":3,"name":"Tinta sangre"}]},{"@type":"WebSite","@id":"https:\/\/todoesredondo.es\/#website","url":"https:\/\/todoesredondo.es\/","name":"\u25cc Todo es Redondo \u25cc","description":"","publisher":{"@id":"https:\/\/todoesredondo.es\/#\/schema\/person\/1576300a3ce607d928606560fb256fb5"},"potentialAction":[{"@type":"SearchAction","target":{"@type":"EntryPoint","urlTemplate":"https:\/\/todoesredondo.es\/?s={search_term_string}"},"query-input":{"@type":"PropertyValueSpecification","valueRequired":true,"valueName":"search_term_string"}}],"inLanguage":"en-US"},{"@type":["Person","Organization"],"@id":"https:\/\/todoesredondo.es\/#\/schema\/person\/1576300a3ce607d928606560fb256fb5","name":"todoesredondo.es","image":{"@type":"ImageObject","inLanguage":"en-US","@id":"https:\/\/todoesredondo.es\/#\/schema\/person\/image\/","url":"https:\/\/secure.gravatar.com\/avatar\/7122c156525b3d3a96c4cdb2245b7bf01b43a51c1dd28ab5d5e0e61450672b9f?s=96&d=mm&r=g","contentUrl":"https:\/\/secure.gravatar.com\/avatar\/7122c156525b3d3a96c4cdb2245b7bf01b43a51c1dd28ab5d5e0e61450672b9f?s=96&d=mm&r=g","caption":"todoesredondo.es"},"logo":{"@id":"https:\/\/todoesredondo.es\/#\/schema\/person\/image\/"},"sameAs":["http:\/\/todoesredondo.es","https:\/\/www.instagram.com\/_todoesredondo\/"]}]}},"_links":{"self":[{"href":"https:\/\/todoesredondo.es\/index.php?rest_route=\/wp\/v2\/pages\/180","targetHints":{"allow":["GET"]}}],"collection":[{"href":"https:\/\/todoesredondo.es\/index.php?rest_route=\/wp\/v2\/pages"}],"about":[{"href":"https:\/\/todoesredondo.es\/index.php?rest_route=\/wp\/v2\/types\/page"}],"author":[{"embeddable":true,"href":"https:\/\/todoesredondo.es\/index.php?rest_route=\/wp\/v2\/users\/1"}],"replies":[{"embeddable":true,"href":"https:\/\/todoesredondo.es\/index.php?rest_route=%2Fwp%2Fv2%2Fcomments&post=180"}],"version-history":[{"count":0,"href":"https:\/\/todoesredondo.es\/index.php?rest_route=\/wp\/v2\/pages\/180\/revisions"}],"up":[{"embeddable":true,"href":"https:\/\/todoesredondo.es\/index.php?rest_route=\/wp\/v2\/pages\/69"}],"wp:attachment":[{"href":"https:\/\/todoesredondo.es\/index.php?rest_route=%2Fwp%2Fv2%2Fmedia&parent=180"}],"curies":[{"name":"wp","href":"https:\/\/api.w.org\/{rel}","templated":true}]}}