{"id":228,"date":"2023-07-02T21:33:03","date_gmt":"2023-07-02T21:33:03","guid":{"rendered":"https:\/\/todoesredondo.es\/?page_id=228"},"modified":"2023-07-02T21:50:18","modified_gmt":"2023-07-02T21:50:18","slug":"9-meses-de-tejido-tiempo-muerto","status":"publish","type":"page","link":"https:\/\/todoesredondo.es\/?page_id=228","title":{"rendered":"9 meses de tejido\/tiempo muerto"},"content":{"rendered":"\n<div class=\"wp-block-media-text alignwide is-stacked-on-mobile\" style=\"grid-template-columns:45% auto\"><figure class=\"wp-block-media-text__media\"><video controls src=\"https:\/\/todoesredondo.es\/wp-content\/uploads\/2023\/07\/SaveInsta.App-2318647649867534384-1.mp4\"><\/video><\/figure><div class=\"wp-block-media-text__content\">\n<p style=\"font-size:clamp(0.875rem, 0.875rem + ((1vw - 0.2rem) * 0.059), 0.9rem);\"><em>Llevo nueve meses coleccionando mi sangre menstrual<\/em><\/p>\n\n\n\n<p style=\"font-size:clamp(0.875rem, 0.875rem + ((1vw - 0.2rem) * 0.059), 0.9rem);\"><em>Observ\u00e1ndola<\/em><\/p>\n\n\n\n<p style=\"font-size:clamp(0.875rem, 0.875rem + ((1vw - 0.2rem) * 0.059), 0.9rem);\"><em>uniendo retazos de tejido y c\u00e9lulas muertas<\/em><\/p>\n\n\n\n<p style=\"font-size:clamp(0.875rem, 0.875rem + ((1vw - 0.2rem) * 0.059), 0.9rem);\"><em>entendiendo mi naturaleza c\u00edclica<\/em><\/p>\n\n\n\n<p style=\"font-size:clamp(0.875rem, 0.875rem + ((1vw - 0.2rem) * 0.059), 0.9rem);\"><em>Sintiendo como la vida y la muerte se manifiestan en mi vientre<\/em><\/p>\n\n\n\n<p style=\"font-size:clamp(0.875rem, 0.875rem + ((1vw - 0.2rem) * 0.059), 0.9rem);\"><em>Nueve ciclos donde pude haber gestado vida<\/em><\/p>\n\n\n\n<p style=\"font-size:clamp(0.875rem, 0.875rem + ((1vw - 0.2rem) * 0.059), 0.9rem);\"><em>Nueve ciclos donde he parido, con amor, tejido muerto.<\/em><\/p>\n<\/div><\/div>\n\n\n\n<div class=\"wp-block-columns is-layout-flex wp-container-core-columns-is-layout-28f84493 wp-block-columns-is-layout-flex\">\n<div class=\"wp-block-column is-layout-flow wp-block-column-is-layout-flow\">\n<div style=\"height:240px\" aria-hidden=\"true\" class=\"wp-block-spacer\"><\/div>\n\n\n\n<p><\/p>\n\n\n\n<p><\/p>\n\n\n\n<p class=\"has-text-align-center\" id=\"QhnOJ61ig5Z7ZTkd\" style=\"font-size:clamp(0.875rem, 0.875rem + ((1vw - 0.2rem) * 0.059), 0.9rem);\"><strong>9 meses de tejido\/tiempo muerto<\/strong><\/p>\n\n\n\n<p class=\"has-text-align-center\" id=\"YzWofJERpRC3ZRdO\" style=\"font-size:clamp(0.875rem, 0.875rem + ((1vw - 0.2rem) * 0.059), 0.9rem);\">15&#215;9 cm<\/p>\n\n\n\n<p class=\"has-text-align-center\" id=\"JO2raWhoRmu6j447\" style=\"font-size:clamp(0.875rem, 0.875rem + ((1vw - 0.2rem) * 0.059), 0.9rem);\">Impresi\u00f3n digital sobre papel mate de algod\u00f3n texturado de<\/p>\n\n\n\n<p class=\"has-text-align-center\" id=\"JjoFgsvzewkD2x1X\" style=\"font-size:clamp(0.875rem, 0.875rem + ((1vw - 0.2rem) * 0.059), 0.9rem);\">330 gramos<\/p>\n\n\n\n<p class=\"has-text-align-center\" id=\"EnvhbTe39kZa0Lks\" style=\"font-size:clamp(0.875rem, 0.875rem + ((1vw - 0.2rem) * 0.059), 0.9rem);\"><strong>2020<\/strong><\/p>\n<\/div>\n\n\n\n<div class=\"wp-block-column is-layout-flow wp-block-column-is-layout-flow\">\n<figure class=\"wp-block-image size-large\"><img fetchpriority=\"high\" decoding=\"async\" width=\"614\" height=\"1024\" src=\"https:\/\/todoesredondo.es\/wp-content\/uploads\/2023\/07\/Mes-1-IMPRESION-POSTAL-614x1024.jpg\" alt=\"\" class=\"wp-image-238\" srcset=\"https:\/\/todoesredondo.es\/wp-content\/uploads\/2023\/07\/Mes-1-IMPRESION-POSTAL-614x1024.jpg 614w, https:\/\/todoesredondo.es\/wp-content\/uploads\/2023\/07\/Mes-1-IMPRESION-POSTAL-180x300.jpg 180w, https:\/\/todoesredondo.es\/wp-content\/uploads\/2023\/07\/Mes-1-IMPRESION-POSTAL-768x1280.jpg 768w, https:\/\/todoesredondo.es\/wp-content\/uploads\/2023\/07\/Mes-1-IMPRESION-POSTAL-921x1536.jpg 921w, https:\/\/todoesredondo.es\/wp-content\/uploads\/2023\/07\/Mes-1-IMPRESION-POSTAL.jpg 1063w\" sizes=\"(max-width: 614px) 100vw, 614px\" \/><\/figure>\n<\/div>\n<\/div>\n\n\n\n<div style=\"height:100px\" aria-hidden=\"true\" class=\"wp-block-spacer\"><\/div>\n\n\n\n<figure class=\"wp-block-gallery has-nested-images columns-default is-cropped wp-block-gallery-1 is-layout-flex wp-block-gallery-is-layout-flex\">\n<figure class=\"wp-block-image size-large\"><img decoding=\"async\" width=\"614\" height=\"1024\" data-id=\"251\" src=\"https:\/\/todoesredondo.es\/wp-content\/uploads\/2023\/07\/Mes-2-png-614x1024.png\" alt=\"\" class=\"wp-image-251\" srcset=\"https:\/\/todoesredondo.es\/wp-content\/uploads\/2023\/07\/Mes-2-png-614x1024.png 614w, https:\/\/todoesredondo.es\/wp-content\/uploads\/2023\/07\/Mes-2-png-180x300.png 180w, https:\/\/todoesredondo.es\/wp-content\/uploads\/2023\/07\/Mes-2-png-768x1280.png 768w, https:\/\/todoesredondo.es\/wp-content\/uploads\/2023\/07\/Mes-2-png-921x1536.png 921w, https:\/\/todoesredondo.es\/wp-content\/uploads\/2023\/07\/Mes-2-png.png 1063w\" sizes=\"(max-width: 614px) 100vw, 614px\" \/><\/figure>\n\n\n\n<figure class=\"wp-block-image size-large\"><img decoding=\"async\" width=\"614\" height=\"1024\" data-id=\"252\" src=\"https:\/\/todoesredondo.es\/wp-content\/uploads\/2023\/07\/Mes-3-png-614x1024.png\" alt=\"\" class=\"wp-image-252\" srcset=\"https:\/\/todoesredondo.es\/wp-content\/uploads\/2023\/07\/Mes-3-png-614x1024.png 614w, https:\/\/todoesredondo.es\/wp-content\/uploads\/2023\/07\/Mes-3-png-180x300.png 180w, https:\/\/todoesredondo.es\/wp-content\/uploads\/2023\/07\/Mes-3-png-768x1280.png 768w, https:\/\/todoesredondo.es\/wp-content\/uploads\/2023\/07\/Mes-3-png-921x1536.png 921w, https:\/\/todoesredondo.es\/wp-content\/uploads\/2023\/07\/Mes-3-png.png 1063w\" sizes=\"(max-width: 614px) 100vw, 614px\" \/><\/figure>\n\n\n\n<figure class=\"wp-block-image size-large\"><img loading=\"lazy\" decoding=\"async\" width=\"614\" height=\"1024\" data-id=\"246\" src=\"https:\/\/todoesredondo.es\/wp-content\/uploads\/2023\/07\/Mes-4-IMPRESION-POSTAL-614x1024.jpg\" alt=\"\" class=\"wp-image-246\" srcset=\"https:\/\/todoesredondo.es\/wp-content\/uploads\/2023\/07\/Mes-4-IMPRESION-POSTAL-614x1024.jpg 614w, https:\/\/todoesredondo.es\/wp-content\/uploads\/2023\/07\/Mes-4-IMPRESION-POSTAL-180x300.jpg 180w, https:\/\/todoesredondo.es\/wp-content\/uploads\/2023\/07\/Mes-4-IMPRESION-POSTAL-768x1280.jpg 768w, https:\/\/todoesredondo.es\/wp-content\/uploads\/2023\/07\/Mes-4-IMPRESION-POSTAL-922x1536.jpg 922w, https:\/\/todoesredondo.es\/wp-content\/uploads\/2023\/07\/Mes-4-IMPRESION-POSTAL-1229x2048.jpg 1229w, https:\/\/todoesredondo.es\/wp-content\/uploads\/2023\/07\/Mes-4-IMPRESION-POSTAL-scaled.jpg 1536w\" sizes=\"(max-width: 614px) 100vw, 614px\" \/><\/figure>\n\n\n\n<figure class=\"wp-block-image size-large\"><img loading=\"lazy\" decoding=\"async\" width=\"614\" height=\"1024\" data-id=\"245\" src=\"https:\/\/todoesredondo.es\/wp-content\/uploads\/2023\/07\/Mes-5-IMPRESION-POSTAL-614x1024.jpg\" alt=\"\" class=\"wp-image-245\" srcset=\"https:\/\/todoesredondo.es\/wp-content\/uploads\/2023\/07\/Mes-5-IMPRESION-POSTAL-614x1024.jpg 614w, https:\/\/todoesredondo.es\/wp-content\/uploads\/2023\/07\/Mes-5-IMPRESION-POSTAL-180x300.jpg 180w, https:\/\/todoesredondo.es\/wp-content\/uploads\/2023\/07\/Mes-5-IMPRESION-POSTAL-768x1280.jpg 768w, https:\/\/todoesredondo.es\/wp-content\/uploads\/2023\/07\/Mes-5-IMPRESION-POSTAL-922x1536.jpg 922w, https:\/\/todoesredondo.es\/wp-content\/uploads\/2023\/07\/Mes-5-IMPRESION-POSTAL-1229x2048.jpg 1229w, https:\/\/todoesredondo.es\/wp-content\/uploads\/2023\/07\/Mes-5-IMPRESION-POSTAL-scaled.jpg 1536w\" sizes=\"(max-width: 614px) 100vw, 614px\" \/><\/figure>\n\n\n\n<figure class=\"wp-block-image size-large\"><img loading=\"lazy\" decoding=\"async\" width=\"614\" height=\"1024\" data-id=\"244\" src=\"https:\/\/todoesredondo.es\/wp-content\/uploads\/2023\/07\/Mes-6-IMPRESION-POSTAL-614x1024.jpg\" alt=\"\" class=\"wp-image-244\" srcset=\"https:\/\/todoesredondo.es\/wp-content\/uploads\/2023\/07\/Mes-6-IMPRESION-POSTAL-614x1024.jpg 614w, https:\/\/todoesredondo.es\/wp-content\/uploads\/2023\/07\/Mes-6-IMPRESION-POSTAL-180x300.jpg 180w, https:\/\/todoesredondo.es\/wp-content\/uploads\/2023\/07\/Mes-6-IMPRESION-POSTAL-768x1280.jpg 768w, https:\/\/todoesredondo.es\/wp-content\/uploads\/2023\/07\/Mes-6-IMPRESION-POSTAL-922x1536.jpg 922w, https:\/\/todoesredondo.es\/wp-content\/uploads\/2023\/07\/Mes-6-IMPRESION-POSTAL-1229x2048.jpg 1229w, https:\/\/todoesredondo.es\/wp-content\/uploads\/2023\/07\/Mes-6-IMPRESION-POSTAL-scaled.jpg 1536w\" sizes=\"(max-width: 614px) 100vw, 614px\" \/><\/figure>\n\n\n\n<figure class=\"wp-block-image size-large\"><img loading=\"lazy\" decoding=\"async\" width=\"614\" height=\"1024\" data-id=\"248\" src=\"https:\/\/todoesredondo.es\/wp-content\/uploads\/2023\/07\/Mes-7-IMPRESION-POSTAL-614x1024.jpg\" alt=\"\" class=\"wp-image-248\" srcset=\"https:\/\/todoesredondo.es\/wp-content\/uploads\/2023\/07\/Mes-7-IMPRESION-POSTAL-614x1024.jpg 614w, https:\/\/todoesredondo.es\/wp-content\/uploads\/2023\/07\/Mes-7-IMPRESION-POSTAL-180x300.jpg 180w, https:\/\/todoesredondo.es\/wp-content\/uploads\/2023\/07\/Mes-7-IMPRESION-POSTAL-768x1280.jpg 768w, https:\/\/todoesredondo.es\/wp-content\/uploads\/2023\/07\/Mes-7-IMPRESION-POSTAL-922x1536.jpg 922w, https:\/\/todoesredondo.es\/wp-content\/uploads\/2023\/07\/Mes-7-IMPRESION-POSTAL-1229x2048.jpg 1229w, https:\/\/todoesredondo.es\/wp-content\/uploads\/2023\/07\/Mes-7-IMPRESION-POSTAL-scaled.jpg 1536w\" sizes=\"(max-width: 614px) 100vw, 614px\" \/><\/figure>\n\n\n\n<figure class=\"wp-block-image size-large\"><img loading=\"lazy\" decoding=\"async\" width=\"614\" height=\"1024\" data-id=\"247\" src=\"https:\/\/todoesredondo.es\/wp-content\/uploads\/2023\/07\/Mes-8-IMPRESION-POSTAL-614x1024.jpg\" alt=\"\" class=\"wp-image-247\" srcset=\"https:\/\/todoesredondo.es\/wp-content\/uploads\/2023\/07\/Mes-8-IMPRESION-POSTAL-614x1024.jpg 614w, https:\/\/todoesredondo.es\/wp-content\/uploads\/2023\/07\/Mes-8-IMPRESION-POSTAL-180x300.jpg 180w, https:\/\/todoesredondo.es\/wp-content\/uploads\/2023\/07\/Mes-8-IMPRESION-POSTAL-768x1280.jpg 768w, https:\/\/todoesredondo.es\/wp-content\/uploads\/2023\/07\/Mes-8-IMPRESION-POSTAL-922x1536.jpg 922w, https:\/\/todoesredondo.es\/wp-content\/uploads\/2023\/07\/Mes-8-IMPRESION-POSTAL-1229x2048.jpg 1229w, https:\/\/todoesredondo.es\/wp-content\/uploads\/2023\/07\/Mes-8-IMPRESION-POSTAL-scaled.jpg 1536w\" sizes=\"(max-width: 614px) 100vw, 614px\" \/><\/figure>\n\n\n\n<figure class=\"wp-block-image size-large\"><img loading=\"lazy\" decoding=\"async\" width=\"614\" height=\"1024\" data-id=\"243\" src=\"https:\/\/todoesredondo.es\/wp-content\/uploads\/2023\/07\/Mes-9-png-614x1024.png\" alt=\"\" class=\"wp-image-243\" srcset=\"https:\/\/todoesredondo.es\/wp-content\/uploads\/2023\/07\/Mes-9-png-614x1024.png 614w, https:\/\/todoesredondo.es\/wp-content\/uploads\/2023\/07\/Mes-9-png-180x300.png 180w, https:\/\/todoesredondo.es\/wp-content\/uploads\/2023\/07\/Mes-9-png-768x1280.png 768w, https:\/\/todoesredondo.es\/wp-content\/uploads\/2023\/07\/Mes-9-png-921x1536.png 921w, https:\/\/todoesredondo.es\/wp-content\/uploads\/2023\/07\/Mes-9-png.png 1063w\" sizes=\"(max-width: 614px) 100vw, 614px\" \/><\/figure>\n<\/figure>\n","protected":false},"excerpt":{"rendered":"<p>Llevo nueve meses coleccionando mi sangre menstrual Observ\u00e1ndola uniendo retazos de tejido y c\u00e9lulas muertas entendiendo mi naturaleza c\u00edclica Sintiendo como la vida y la muerte se manifiestan en mi vientre Nueve ciclos donde pude haber gestado vida Nueve ciclos donde he parido, con amor, tejido muerto. 9 meses de tejido\/tiempo muerto 15&#215;9 cm Impresi\u00f3n [&hellip;]<\/p>\n","protected":false},"author":1,"featured_media":0,"parent":69,"menu_order":1,"comment_status":"closed","ping_status":"closed","template":"","meta":{"footnotes":""},"class_list":["post-228","page","type-page","status-publish","hentry"],"yoast_head":"<!-- This site is optimized with the Yoast SEO plugin v26.5 - https:\/\/yoast.com\/wordpress\/plugins\/seo\/ -->\n<title>9 meses de tejido\/tiempo muerto - \u25cc Todo es Redondo \u25cc<\/title>\n<meta name=\"robots\" content=\"index, follow, max-snippet:-1, max-image-preview:large, max-video-preview:-1\" \/>\n<link rel=\"canonical\" href=\"https:\/\/todoesredondo.es\/?page_id=228\" \/>\n<meta property=\"og:locale\" content=\"en_US\" \/>\n<meta property=\"og:type\" content=\"article\" \/>\n<meta property=\"og:title\" content=\"9 meses de tejido\/tiempo muerto - \u25cc Todo es Redondo \u25cc\" \/>\n<meta property=\"og:description\" content=\"Llevo nueve meses coleccionando mi sangre menstrual Observ\u00e1ndola uniendo retazos de tejido y c\u00e9lulas muertas entendiendo mi naturaleza c\u00edclica Sintiendo como la vida y la muerte se manifiestan en mi vientre Nueve ciclos donde pude haber gestado vida Nueve ciclos donde he parido, con amor, tejido muerto. 9 meses de tejido\/tiempo muerto 15&#215;9 cm Impresi\u00f3n [&hellip;]\" \/>\n<meta property=\"og:url\" content=\"https:\/\/todoesredondo.es\/?page_id=228\" \/>\n<meta property=\"og:site_name\" content=\"\u25cc Todo es Redondo \u25cc\" \/>\n<meta property=\"article:modified_time\" content=\"2023-07-02T21:50:18+00:00\" \/>\n<meta property=\"og:image\" content=\"https:\/\/todoesredondo.es\/wp-content\/uploads\/2023\/07\/Mes-1-IMPRESION-POSTAL-614x1024.jpg\" \/>\n<meta name=\"twitter:card\" content=\"summary_large_image\" \/>\n<meta name=\"twitter:label1\" content=\"Est. reading time\" \/>\n\t<meta name=\"twitter:data1\" content=\"3 minutes\" \/>\n<script type=\"application\/ld+json\" class=\"yoast-schema-graph\">{\"@context\":\"https:\/\/schema.org\",\"@graph\":[{\"@type\":\"WebPage\",\"@id\":\"https:\/\/todoesredondo.es\/?page_id=228\",\"url\":\"https:\/\/todoesredondo.es\/?page_id=228\",\"name\":\"9 meses de tejido\/tiempo muerto - \u25cc Todo es Redondo \u25cc\",\"isPartOf\":{\"@id\":\"https:\/\/todoesredondo.es\/#website\"},\"primaryImageOfPage\":{\"@id\":\"https:\/\/todoesredondo.es\/?page_id=228#primaryimage\"},\"image\":{\"@id\":\"https:\/\/todoesredondo.es\/?page_id=228#primaryimage\"},\"thumbnailUrl\":\"https:\/\/todoesredondo.es\/wp-content\/uploads\/2023\/07\/Mes-1-IMPRESION-POSTAL-614x1024.jpg\",\"datePublished\":\"2023-07-02T21:33:03+00:00\",\"dateModified\":\"2023-07-02T21:50:18+00:00\",\"breadcrumb\":{\"@id\":\"https:\/\/todoesredondo.es\/?page_id=228#breadcrumb\"},\"inLanguage\":\"en-US\",\"potentialAction\":[{\"@type\":\"ReadAction\",\"target\":[\"https:\/\/todoesredondo.es\/?page_id=228\"]}]},{\"@type\":\"ImageObject\",\"inLanguage\":\"en-US\",\"@id\":\"https:\/\/todoesredondo.es\/?page_id=228#primaryimage\",\"url\":\"https:\/\/todoesredondo.es\/wp-content\/uploads\/2023\/07\/Mes-1-IMPRESION-POSTAL-614x1024.jpg\",\"contentUrl\":\"https:\/\/todoesredondo.es\/wp-content\/uploads\/2023\/07\/Mes-1-IMPRESION-POSTAL-614x1024.jpg\"},{\"@type\":\"BreadcrumbList\",\"@id\":\"https:\/\/todoesredondo.es\/?page_id=228#breadcrumb\",\"itemListElement\":[{\"@type\":\"ListItem\",\"position\":1,\"name\":\"Portada\",\"item\":\"https:\/\/todoesredondo.es\/\"},{\"@type\":\"ListItem\",\"position\":2,\"name\":\"Proyectos\",\"item\":\"https:\/\/todoesredondo.es\/?page_id=69\"},{\"@type\":\"ListItem\",\"position\":3,\"name\":\"9 meses de tejido\/tiempo muerto\"}]},{\"@type\":\"WebSite\",\"@id\":\"https:\/\/todoesredondo.es\/#website\",\"url\":\"https:\/\/todoesredondo.es\/\",\"name\":\"\u25cc Todo es Redondo \u25cc\",\"description\":\"\",\"publisher\":{\"@id\":\"https:\/\/todoesredondo.es\/#\/schema\/person\/1576300a3ce607d928606560fb256fb5\"},\"potentialAction\":[{\"@type\":\"SearchAction\",\"target\":{\"@type\":\"EntryPoint\",\"urlTemplate\":\"https:\/\/todoesredondo.es\/?s={search_term_string}\"},\"query-input\":{\"@type\":\"PropertyValueSpecification\",\"valueRequired\":true,\"valueName\":\"search_term_string\"}}],\"inLanguage\":\"en-US\"},{\"@type\":[\"Person\",\"Organization\"],\"@id\":\"https:\/\/todoesredondo.es\/#\/schema\/person\/1576300a3ce607d928606560fb256fb5\",\"name\":\"todoesredondo.es\",\"image\":{\"@type\":\"ImageObject\",\"inLanguage\":\"en-US\",\"@id\":\"https:\/\/todoesredondo.es\/#\/schema\/person\/image\/\",\"url\":\"https:\/\/secure.gravatar.com\/avatar\/7122c156525b3d3a96c4cdb2245b7bf01b43a51c1dd28ab5d5e0e61450672b9f?s=96&d=mm&r=g\",\"contentUrl\":\"https:\/\/secure.gravatar.com\/avatar\/7122c156525b3d3a96c4cdb2245b7bf01b43a51c1dd28ab5d5e0e61450672b9f?s=96&d=mm&r=g\",\"caption\":\"todoesredondo.es\"},\"logo\":{\"@id\":\"https:\/\/todoesredondo.es\/#\/schema\/person\/image\/\"},\"sameAs\":[\"http:\/\/todoesredondo.es\",\"https:\/\/www.instagram.com\/_todoesredondo\/\"]}]}<\/script>\n<!-- \/ Yoast SEO plugin. -->","yoast_head_json":{"title":"9 meses de tejido\/tiempo muerto - \u25cc Todo es Redondo \u25cc","robots":{"index":"index","follow":"follow","max-snippet":"max-snippet:-1","max-image-preview":"max-image-preview:large","max-video-preview":"max-video-preview:-1"},"canonical":"https:\/\/todoesredondo.es\/?page_id=228","og_locale":"en_US","og_type":"article","og_title":"9 meses de tejido\/tiempo muerto - \u25cc Todo es Redondo \u25cc","og_description":"Llevo nueve meses coleccionando mi sangre menstrual Observ\u00e1ndola uniendo retazos de tejido y c\u00e9lulas muertas entendiendo mi naturaleza c\u00edclica Sintiendo como la vida y la muerte se manifiestan en mi vientre Nueve ciclos donde pude haber gestado vida Nueve ciclos donde he parido, con amor, tejido muerto. 9 meses de tejido\/tiempo muerto 15&#215;9 cm Impresi\u00f3n [&hellip;]","og_url":"https:\/\/todoesredondo.es\/?page_id=228","og_site_name":"\u25cc Todo es Redondo \u25cc","article_modified_time":"2023-07-02T21:50:18+00:00","og_image":[{"url":"https:\/\/todoesredondo.es\/wp-content\/uploads\/2023\/07\/Mes-1-IMPRESION-POSTAL-614x1024.jpg","type":"","width":"","height":""}],"twitter_card":"summary_large_image","twitter_misc":{"Est. reading time":"3 minutes"},"schema":{"@context":"https:\/\/schema.org","@graph":[{"@type":"WebPage","@id":"https:\/\/todoesredondo.es\/?page_id=228","url":"https:\/\/todoesredondo.es\/?page_id=228","name":"9 meses de tejido\/tiempo muerto - \u25cc Todo es Redondo \u25cc","isPartOf":{"@id":"https:\/\/todoesredondo.es\/#website"},"primaryImageOfPage":{"@id":"https:\/\/todoesredondo.es\/?page_id=228#primaryimage"},"image":{"@id":"https:\/\/todoesredondo.es\/?page_id=228#primaryimage"},"thumbnailUrl":"https:\/\/todoesredondo.es\/wp-content\/uploads\/2023\/07\/Mes-1-IMPRESION-POSTAL-614x1024.jpg","datePublished":"2023-07-02T21:33:03+00:00","dateModified":"2023-07-02T21:50:18+00:00","breadcrumb":{"@id":"https:\/\/todoesredondo.es\/?page_id=228#breadcrumb"},"inLanguage":"en-US","potentialAction":[{"@type":"ReadAction","target":["https:\/\/todoesredondo.es\/?page_id=228"]}]},{"@type":"ImageObject","inLanguage":"en-US","@id":"https:\/\/todoesredondo.es\/?page_id=228#primaryimage","url":"https:\/\/todoesredondo.es\/wp-content\/uploads\/2023\/07\/Mes-1-IMPRESION-POSTAL-614x1024.jpg","contentUrl":"https:\/\/todoesredondo.es\/wp-content\/uploads\/2023\/07\/Mes-1-IMPRESION-POSTAL-614x1024.jpg"},{"@type":"BreadcrumbList","@id":"https:\/\/todoesredondo.es\/?page_id=228#breadcrumb","itemListElement":[{"@type":"ListItem","position":1,"name":"Portada","item":"https:\/\/todoesredondo.es\/"},{"@type":"ListItem","position":2,"name":"Proyectos","item":"https:\/\/todoesredondo.es\/?page_id=69"},{"@type":"ListItem","position":3,"name":"9 meses de tejido\/tiempo muerto"}]},{"@type":"WebSite","@id":"https:\/\/todoesredondo.es\/#website","url":"https:\/\/todoesredondo.es\/","name":"\u25cc Todo es Redondo \u25cc","description":"","publisher":{"@id":"https:\/\/todoesredondo.es\/#\/schema\/person\/1576300a3ce607d928606560fb256fb5"},"potentialAction":[{"@type":"SearchAction","target":{"@type":"EntryPoint","urlTemplate":"https:\/\/todoesredondo.es\/?s={search_term_string}"},"query-input":{"@type":"PropertyValueSpecification","valueRequired":true,"valueName":"search_term_string"}}],"inLanguage":"en-US"},{"@type":["Person","Organization"],"@id":"https:\/\/todoesredondo.es\/#\/schema\/person\/1576300a3ce607d928606560fb256fb5","name":"todoesredondo.es","image":{"@type":"ImageObject","inLanguage":"en-US","@id":"https:\/\/todoesredondo.es\/#\/schema\/person\/image\/","url":"https:\/\/secure.gravatar.com\/avatar\/7122c156525b3d3a96c4cdb2245b7bf01b43a51c1dd28ab5d5e0e61450672b9f?s=96&d=mm&r=g","contentUrl":"https:\/\/secure.gravatar.com\/avatar\/7122c156525b3d3a96c4cdb2245b7bf01b43a51c1dd28ab5d5e0e61450672b9f?s=96&d=mm&r=g","caption":"todoesredondo.es"},"logo":{"@id":"https:\/\/todoesredondo.es\/#\/schema\/person\/image\/"},"sameAs":["http:\/\/todoesredondo.es","https:\/\/www.instagram.com\/_todoesredondo\/"]}]}},"_links":{"self":[{"href":"https:\/\/todoesredondo.es\/index.php?rest_route=\/wp\/v2\/pages\/228","targetHints":{"allow":["GET"]}}],"collection":[{"href":"https:\/\/todoesredondo.es\/index.php?rest_route=\/wp\/v2\/pages"}],"about":[{"href":"https:\/\/todoesredondo.es\/index.php?rest_route=\/wp\/v2\/types\/page"}],"author":[{"embeddable":true,"href":"https:\/\/todoesredondo.es\/index.php?rest_route=\/wp\/v2\/users\/1"}],"replies":[{"embeddable":true,"href":"https:\/\/todoesredondo.es\/index.php?rest_route=%2Fwp%2Fv2%2Fcomments&post=228"}],"version-history":[{"count":0,"href":"https:\/\/todoesredondo.es\/index.php?rest_route=\/wp\/v2\/pages\/228\/revisions"}],"up":[{"embeddable":true,"href":"https:\/\/todoesredondo.es\/index.php?rest_route=\/wp\/v2\/pages\/69"}],"wp:attachment":[{"href":"https:\/\/todoesredondo.es\/index.php?rest_route=%2Fwp%2Fv2%2Fmedia&parent=228"}],"curies":[{"name":"wp","href":"https:\/\/api.w.org\/{rel}","templated":true}]}}