{"id":257,"date":"2023-07-02T21:52:43","date_gmt":"2023-07-02T21:52:43","guid":{"rendered":"https:\/\/todoesredondo.es\/?page_id=257"},"modified":"2023-07-02T21:59:06","modified_gmt":"2023-07-02T21:59:06","slug":"llorrar-es-llover","status":"publish","type":"page","link":"https:\/\/todoesredondo.es\/?page_id=257","title":{"rendered":"Llorar es Llover"},"content":{"rendered":"\n<div class=\"wp-block-columns is-layout-flex wp-container-core-columns-is-layout-28f84493 wp-block-columns-is-layout-flex\">\n<div class=\"wp-block-column is-layout-flow wp-block-column-is-layout-flow\">\n<figure class=\"wp-block-image size-large\"><img fetchpriority=\"high\" decoding=\"async\" width=\"819\" height=\"1024\" src=\"https:\/\/todoesredondo.es\/wp-content\/uploads\/2023\/07\/nh-1-819x1024.png\" alt=\"\" class=\"wp-image-260\" srcset=\"https:\/\/todoesredondo.es\/wp-content\/uploads\/2023\/07\/nh-1-819x1024.png 819w, https:\/\/todoesredondo.es\/wp-content\/uploads\/2023\/07\/nh-1-240x300.png 240w, https:\/\/todoesredondo.es\/wp-content\/uploads\/2023\/07\/nh-1-768x960.png 768w, https:\/\/todoesredondo.es\/wp-content\/uploads\/2023\/07\/nh-1-1229x1536.png 1229w, https:\/\/todoesredondo.es\/wp-content\/uploads\/2023\/07\/nh-1.png 1440w\" sizes=\"(max-width: 819px) 100vw, 819px\" \/><\/figure>\n<\/div>\n\n\n\n<div class=\"wp-block-column is-layout-flow wp-block-column-is-layout-flow\">\n<figure class=\"wp-block-gallery has-nested-images columns-default is-cropped wp-block-gallery-1 is-layout-flex wp-block-gallery-is-layout-flex\">\n<figure class=\"wp-block-image size-large\"><img decoding=\"async\" width=\"683\" height=\"557\" data-id=\"261\" src=\"https:\/\/todoesredondo.es\/wp-content\/uploads\/2023\/07\/lll.png\" alt=\"\" class=\"wp-image-261\" srcset=\"https:\/\/todoesredondo.es\/wp-content\/uploads\/2023\/07\/lll.png 683w, https:\/\/todoesredondo.es\/wp-content\/uploads\/2023\/07\/lll-300x245.png 300w\" sizes=\"(max-width: 683px) 100vw, 683px\" \/><\/figure>\n<\/figure>\n<\/div>\n<\/div>\n\n\n\n<div style=\"height:100px\" aria-hidden=\"true\" class=\"wp-block-spacer\"><\/div>\n\n\n\n<p class=\"has-small-font-size\" id=\"awUHvNGOW348hxJg\">Una serie de joyas compuestas por piezas de resina mezcladas con l\u00e1grimas.<\/p>\n\n\n\n<p class=\"has-small-font-size\" id=\"vKjKyu2q5xRo85JG\">El molde de estas piezas lo saqu\u00e9 de una l\u00e1grima de cristal de un candelabro de m\u00ed abuela. Ella lloraba todo el tiempo y su llanto nac\u00eda de una gran variedad de emociones.<\/p>\n\n\n\n<p class=\"has-small-font-size\" id=\"tTu6AWDb2hxcpUP8\">Ella me ense\u00f1\u00f3 que llorar no solo nace en la tristeza- Se llora cuando las emociones est\u00e1n en su pico m\u00e1s alto y por eso se escapan del cuerpo.<\/p>\n\n\n\n<p class=\"has-small-font-size\" id=\"ss2sdZGi4jlYg9mk\">Hered\u00e9 su lloradera.<\/p>\n\n\n\n<p class=\"has-small-font-size\" id=\"KOxbHSx8ZYhBKEUL\">La mayor\u00eda de veces qu\u00e9 lloro es porque veo que otras personas lo est\u00e1n haciendo. Entend\u00ed el llanto como la forma m\u00e1s pura y es en ese momento cuando siento una conexi\u00f3n.<\/p>\n\n\n\n<p class=\"has-small-font-size\" id=\"sazXwrcdIF04xCqU\">Empat\u00eda.<\/p>\n\n\n\n<div style=\"height:100px\" aria-hidden=\"true\" class=\"wp-block-spacer\"><\/div>\n\n\n\n<figure class=\"wp-block-gallery has-nested-images columns-default is-cropped wp-block-gallery-2 is-layout-flex wp-block-gallery-is-layout-flex\">\n<figure class=\"wp-block-image size-large\"><img decoding=\"async\" width=\"989\" height=\"999\" data-id=\"265\" src=\"https:\/\/todoesredondo.es\/wp-content\/uploads\/2023\/07\/bhh.png\" alt=\"\" class=\"wp-image-265\" srcset=\"https:\/\/todoesredondo.es\/wp-content\/uploads\/2023\/07\/bhh.png 989w, https:\/\/todoesredondo.es\/wp-content\/uploads\/2023\/07\/bhh-297x300.png 297w, https:\/\/todoesredondo.es\/wp-content\/uploads\/2023\/07\/bhh-768x776.png 768w\" sizes=\"(max-width: 989px) 100vw, 989px\" \/><\/figure>\n\n\n\n<figure class=\"wp-block-image size-large\"><img loading=\"lazy\" decoding=\"async\" width=\"819\" height=\"1024\" data-id=\"266\" src=\"https:\/\/todoesredondo.es\/wp-content\/uploads\/2023\/07\/jkn-819x1024.png\" alt=\"\" class=\"wp-image-266\" srcset=\"https:\/\/todoesredondo.es\/wp-content\/uploads\/2023\/07\/jkn-819x1024.png 819w, https:\/\/todoesredondo.es\/wp-content\/uploads\/2023\/07\/jkn-240x300.png 240w, https:\/\/todoesredondo.es\/wp-content\/uploads\/2023\/07\/jkn-768x960.png 768w, https:\/\/todoesredondo.es\/wp-content\/uploads\/2023\/07\/jkn-1229x1536.png 1229w, https:\/\/todoesredondo.es\/wp-content\/uploads\/2023\/07\/jkn.png 1440w\" sizes=\"(max-width: 819px) 100vw, 819px\" \/><\/figure>\n\n\n\n<figure class=\"wp-block-image size-large\"><img loading=\"lazy\" decoding=\"async\" width=\"819\" height=\"1024\" data-id=\"264\" src=\"https:\/\/todoesredondo.es\/wp-content\/uploads\/2023\/07\/saa-819x1024.png\" alt=\"\" class=\"wp-image-264\" srcset=\"https:\/\/todoesredondo.es\/wp-content\/uploads\/2023\/07\/saa-819x1024.png 819w, https:\/\/todoesredondo.es\/wp-content\/uploads\/2023\/07\/saa-240x300.png 240w, https:\/\/todoesredondo.es\/wp-content\/uploads\/2023\/07\/saa-768x960.png 768w, https:\/\/todoesredondo.es\/wp-content\/uploads\/2023\/07\/saa-1229x1536.png 1229w, https:\/\/todoesredondo.es\/wp-content\/uploads\/2023\/07\/saa.png 1440w\" sizes=\"(max-width: 819px) 100vw, 819px\" \/><\/figure>\n<\/figure>\n","protected":false},"excerpt":{"rendered":"<p>Una serie de joyas compuestas por piezas de resina mezcladas con l\u00e1grimas. El molde de estas piezas lo saqu\u00e9 de una l\u00e1grima de cristal de un candelabro de m\u00ed abuela. Ella lloraba todo el tiempo y su llanto nac\u00eda de una gran variedad de emociones. Ella me ense\u00f1\u00f3 que llorar no solo nace en la [&hellip;]<\/p>\n","protected":false},"author":1,"featured_media":0,"parent":69,"menu_order":9,"comment_status":"closed","ping_status":"closed","template":"","meta":{"footnotes":""},"class_list":["post-257","page","type-page","status-publish","hentry"],"yoast_head":"<!-- This site is optimized with the Yoast SEO plugin v26.5 - https:\/\/yoast.com\/wordpress\/plugins\/seo\/ -->\n<title>Llorar es Llover - \u25cc Todo es Redondo \u25cc<\/title>\n<meta name=\"robots\" content=\"index, follow, max-snippet:-1, max-image-preview:large, max-video-preview:-1\" \/>\n<link rel=\"canonical\" href=\"https:\/\/todoesredondo.es\/?page_id=257\" \/>\n<meta property=\"og:locale\" content=\"en_US\" \/>\n<meta property=\"og:type\" content=\"article\" \/>\n<meta property=\"og:title\" content=\"Llorar es Llover - \u25cc Todo es Redondo \u25cc\" \/>\n<meta property=\"og:description\" content=\"Una serie de joyas compuestas por piezas de resina mezcladas con l\u00e1grimas. El molde de estas piezas lo saqu\u00e9 de una l\u00e1grima de cristal de un candelabro de m\u00ed abuela. Ella lloraba todo el tiempo y su llanto nac\u00eda de una gran variedad de emociones. Ella me ense\u00f1\u00f3 que llorar no solo nace en la [&hellip;]\" \/>\n<meta property=\"og:url\" content=\"https:\/\/todoesredondo.es\/?page_id=257\" \/>\n<meta property=\"og:site_name\" content=\"\u25cc Todo es Redondo \u25cc\" \/>\n<meta property=\"article:modified_time\" content=\"2023-07-02T21:59:06+00:00\" \/>\n<meta property=\"og:image\" content=\"https:\/\/todoesredondo.es\/wp-content\/uploads\/2023\/07\/nh-1-819x1024.png\" \/>\n<meta name=\"twitter:card\" content=\"summary_large_image\" \/>\n<meta name=\"twitter:label1\" content=\"Est. reading time\" \/>\n\t<meta name=\"twitter:data1\" content=\"2 minutes\" \/>\n<script type=\"application\/ld+json\" class=\"yoast-schema-graph\">{\"@context\":\"https:\/\/schema.org\",\"@graph\":[{\"@type\":\"WebPage\",\"@id\":\"https:\/\/todoesredondo.es\/?page_id=257\",\"url\":\"https:\/\/todoesredondo.es\/?page_id=257\",\"name\":\"Llorar es Llover - \u25cc Todo es Redondo \u25cc\",\"isPartOf\":{\"@id\":\"https:\/\/todoesredondo.es\/#website\"},\"primaryImageOfPage\":{\"@id\":\"https:\/\/todoesredondo.es\/?page_id=257#primaryimage\"},\"image\":{\"@id\":\"https:\/\/todoesredondo.es\/?page_id=257#primaryimage\"},\"thumbnailUrl\":\"https:\/\/todoesredondo.es\/wp-content\/uploads\/2023\/07\/nh-1-819x1024.png\",\"datePublished\":\"2023-07-02T21:52:43+00:00\",\"dateModified\":\"2023-07-02T21:59:06+00:00\",\"breadcrumb\":{\"@id\":\"https:\/\/todoesredondo.es\/?page_id=257#breadcrumb\"},\"inLanguage\":\"en-US\",\"potentialAction\":[{\"@type\":\"ReadAction\",\"target\":[\"https:\/\/todoesredondo.es\/?page_id=257\"]}]},{\"@type\":\"ImageObject\",\"inLanguage\":\"en-US\",\"@id\":\"https:\/\/todoesredondo.es\/?page_id=257#primaryimage\",\"url\":\"https:\/\/todoesredondo.es\/wp-content\/uploads\/2023\/07\/nh-1-819x1024.png\",\"contentUrl\":\"https:\/\/todoesredondo.es\/wp-content\/uploads\/2023\/07\/nh-1-819x1024.png\"},{\"@type\":\"BreadcrumbList\",\"@id\":\"https:\/\/todoesredondo.es\/?page_id=257#breadcrumb\",\"itemListElement\":[{\"@type\":\"ListItem\",\"position\":1,\"name\":\"Portada\",\"item\":\"https:\/\/todoesredondo.es\/\"},{\"@type\":\"ListItem\",\"position\":2,\"name\":\"Proyectos\",\"item\":\"https:\/\/todoesredondo.es\/?page_id=69\"},{\"@type\":\"ListItem\",\"position\":3,\"name\":\"Llorar es Llover\"}]},{\"@type\":\"WebSite\",\"@id\":\"https:\/\/todoesredondo.es\/#website\",\"url\":\"https:\/\/todoesredondo.es\/\",\"name\":\"\u25cc Todo es Redondo \u25cc\",\"description\":\"\",\"publisher\":{\"@id\":\"https:\/\/todoesredondo.es\/#\/schema\/person\/1576300a3ce607d928606560fb256fb5\"},\"potentialAction\":[{\"@type\":\"SearchAction\",\"target\":{\"@type\":\"EntryPoint\",\"urlTemplate\":\"https:\/\/todoesredondo.es\/?s={search_term_string}\"},\"query-input\":{\"@type\":\"PropertyValueSpecification\",\"valueRequired\":true,\"valueName\":\"search_term_string\"}}],\"inLanguage\":\"en-US\"},{\"@type\":[\"Person\",\"Organization\"],\"@id\":\"https:\/\/todoesredondo.es\/#\/schema\/person\/1576300a3ce607d928606560fb256fb5\",\"name\":\"todoesredondo.es\",\"image\":{\"@type\":\"ImageObject\",\"inLanguage\":\"en-US\",\"@id\":\"https:\/\/todoesredondo.es\/#\/schema\/person\/image\/\",\"url\":\"https:\/\/secure.gravatar.com\/avatar\/7122c156525b3d3a96c4cdb2245b7bf01b43a51c1dd28ab5d5e0e61450672b9f?s=96&d=mm&r=g\",\"contentUrl\":\"https:\/\/secure.gravatar.com\/avatar\/7122c156525b3d3a96c4cdb2245b7bf01b43a51c1dd28ab5d5e0e61450672b9f?s=96&d=mm&r=g\",\"caption\":\"todoesredondo.es\"},\"logo\":{\"@id\":\"https:\/\/todoesredondo.es\/#\/schema\/person\/image\/\"},\"sameAs\":[\"http:\/\/todoesredondo.es\",\"https:\/\/www.instagram.com\/_todoesredondo\/\"]}]}<\/script>\n<!-- \/ Yoast SEO plugin. -->","yoast_head_json":{"title":"Llorar es Llover - \u25cc Todo es Redondo \u25cc","robots":{"index":"index","follow":"follow","max-snippet":"max-snippet:-1","max-image-preview":"max-image-preview:large","max-video-preview":"max-video-preview:-1"},"canonical":"https:\/\/todoesredondo.es\/?page_id=257","og_locale":"en_US","og_type":"article","og_title":"Llorar es Llover - \u25cc Todo es Redondo \u25cc","og_description":"Una serie de joyas compuestas por piezas de resina mezcladas con l\u00e1grimas. El molde de estas piezas lo saqu\u00e9 de una l\u00e1grima de cristal de un candelabro de m\u00ed abuela. Ella lloraba todo el tiempo y su llanto nac\u00eda de una gran variedad de emociones. Ella me ense\u00f1\u00f3 que llorar no solo nace en la [&hellip;]","og_url":"https:\/\/todoesredondo.es\/?page_id=257","og_site_name":"\u25cc Todo es Redondo \u25cc","article_modified_time":"2023-07-02T21:59:06+00:00","og_image":[{"url":"https:\/\/todoesredondo.es\/wp-content\/uploads\/2023\/07\/nh-1-819x1024.png","type":"","width":"","height":""}],"twitter_card":"summary_large_image","twitter_misc":{"Est. reading time":"2 minutes"},"schema":{"@context":"https:\/\/schema.org","@graph":[{"@type":"WebPage","@id":"https:\/\/todoesredondo.es\/?page_id=257","url":"https:\/\/todoesredondo.es\/?page_id=257","name":"Llorar es Llover - \u25cc Todo es Redondo \u25cc","isPartOf":{"@id":"https:\/\/todoesredondo.es\/#website"},"primaryImageOfPage":{"@id":"https:\/\/todoesredondo.es\/?page_id=257#primaryimage"},"image":{"@id":"https:\/\/todoesredondo.es\/?page_id=257#primaryimage"},"thumbnailUrl":"https:\/\/todoesredondo.es\/wp-content\/uploads\/2023\/07\/nh-1-819x1024.png","datePublished":"2023-07-02T21:52:43+00:00","dateModified":"2023-07-02T21:59:06+00:00","breadcrumb":{"@id":"https:\/\/todoesredondo.es\/?page_id=257#breadcrumb"},"inLanguage":"en-US","potentialAction":[{"@type":"ReadAction","target":["https:\/\/todoesredondo.es\/?page_id=257"]}]},{"@type":"ImageObject","inLanguage":"en-US","@id":"https:\/\/todoesredondo.es\/?page_id=257#primaryimage","url":"https:\/\/todoesredondo.es\/wp-content\/uploads\/2023\/07\/nh-1-819x1024.png","contentUrl":"https:\/\/todoesredondo.es\/wp-content\/uploads\/2023\/07\/nh-1-819x1024.png"},{"@type":"BreadcrumbList","@id":"https:\/\/todoesredondo.es\/?page_id=257#breadcrumb","itemListElement":[{"@type":"ListItem","position":1,"name":"Portada","item":"https:\/\/todoesredondo.es\/"},{"@type":"ListItem","position":2,"name":"Proyectos","item":"https:\/\/todoesredondo.es\/?page_id=69"},{"@type":"ListItem","position":3,"name":"Llorar es Llover"}]},{"@type":"WebSite","@id":"https:\/\/todoesredondo.es\/#website","url":"https:\/\/todoesredondo.es\/","name":"\u25cc Todo es Redondo \u25cc","description":"","publisher":{"@id":"https:\/\/todoesredondo.es\/#\/schema\/person\/1576300a3ce607d928606560fb256fb5"},"potentialAction":[{"@type":"SearchAction","target":{"@type":"EntryPoint","urlTemplate":"https:\/\/todoesredondo.es\/?s={search_term_string}"},"query-input":{"@type":"PropertyValueSpecification","valueRequired":true,"valueName":"search_term_string"}}],"inLanguage":"en-US"},{"@type":["Person","Organization"],"@id":"https:\/\/todoesredondo.es\/#\/schema\/person\/1576300a3ce607d928606560fb256fb5","name":"todoesredondo.es","image":{"@type":"ImageObject","inLanguage":"en-US","@id":"https:\/\/todoesredondo.es\/#\/schema\/person\/image\/","url":"https:\/\/secure.gravatar.com\/avatar\/7122c156525b3d3a96c4cdb2245b7bf01b43a51c1dd28ab5d5e0e61450672b9f?s=96&d=mm&r=g","contentUrl":"https:\/\/secure.gravatar.com\/avatar\/7122c156525b3d3a96c4cdb2245b7bf01b43a51c1dd28ab5d5e0e61450672b9f?s=96&d=mm&r=g","caption":"todoesredondo.es"},"logo":{"@id":"https:\/\/todoesredondo.es\/#\/schema\/person\/image\/"},"sameAs":["http:\/\/todoesredondo.es","https:\/\/www.instagram.com\/_todoesredondo\/"]}]}},"_links":{"self":[{"href":"https:\/\/todoesredondo.es\/index.php?rest_route=\/wp\/v2\/pages\/257","targetHints":{"allow":["GET"]}}],"collection":[{"href":"https:\/\/todoesredondo.es\/index.php?rest_route=\/wp\/v2\/pages"}],"about":[{"href":"https:\/\/todoesredondo.es\/index.php?rest_route=\/wp\/v2\/types\/page"}],"author":[{"embeddable":true,"href":"https:\/\/todoesredondo.es\/index.php?rest_route=\/wp\/v2\/users\/1"}],"replies":[{"embeddable":true,"href":"https:\/\/todoesredondo.es\/index.php?rest_route=%2Fwp%2Fv2%2Fcomments&post=257"}],"version-history":[{"count":0,"href":"https:\/\/todoesredondo.es\/index.php?rest_route=\/wp\/v2\/pages\/257\/revisions"}],"up":[{"embeddable":true,"href":"https:\/\/todoesredondo.es\/index.php?rest_route=\/wp\/v2\/pages\/69"}],"wp:attachment":[{"href":"https:\/\/todoesredondo.es\/index.php?rest_route=%2Fwp%2Fv2%2Fmedia&parent=257"}],"curies":[{"name":"wp","href":"https:\/\/api.w.org\/{rel}","templated":true}]}}