{"id":306,"date":"2023-07-03T15:42:35","date_gmt":"2023-07-03T15:42:35","guid":{"rendered":"https:\/\/todoesredondo.es\/?page_id=306"},"modified":"2023-07-03T15:42:59","modified_gmt":"2023-07-03T15:42:59","slug":"galeria-vestales","status":"publish","type":"page","link":"https:\/\/todoesredondo.es\/?page_id=306","title":{"rendered":"Galer\u00eda Vestales"},"content":{"rendered":"\n<div style=\"height:100px\" aria-hidden=\"true\" class=\"wp-block-spacer\"><\/div>\n\n\n\n<p class=\"has-small-font-size\">Una peque\u00f1a galer\u00eda montada en el pabell\u00f3n p\u00farpura del SOFA (Sal\u00f3n de Ocio y Fantas\u00eda) 2022. La muestra estaba compuesta por 15 artistas que hacen parte del archivo de Proyecto Vestales, un proyecto en el que llevo trabajando hace 2 a\u00f1os. Vestales es una plataforma de difusi\u00f3n, cr\u00edtica y archivo de artistas mujeres colombianas.<\/p>\n\n\n\n<div style=\"height:100px\" aria-hidden=\"true\" class=\"wp-block-spacer\"><\/div>\n\n\n\n<div class=\"wp-block-columns is-layout-flex wp-container-core-columns-is-layout-28f84493 wp-block-columns-is-layout-flex\">\n<div class=\"wp-block-column is-layout-flow wp-block-column-is-layout-flow\">\n<figure class=\"wp-block-image size-large wp-duotone-cf2e2e-ffffff-1\"><img fetchpriority=\"high\" decoding=\"async\" width=\"1024\" height=\"1024\" src=\"https:\/\/todoesredondo.es\/wp-content\/uploads\/2023\/07\/Mesa-de-trabajo-3-1024x1024.png\" alt=\"\" class=\"wp-image-307\" srcset=\"https:\/\/todoesredondo.es\/wp-content\/uploads\/2023\/07\/Mesa-de-trabajo-3-1024x1024.png 1024w, https:\/\/todoesredondo.es\/wp-content\/uploads\/2023\/07\/Mesa-de-trabajo-3-300x300.png 300w, https:\/\/todoesredondo.es\/wp-content\/uploads\/2023\/07\/Mesa-de-trabajo-3-150x150.png 150w, https:\/\/todoesredondo.es\/wp-content\/uploads\/2023\/07\/Mesa-de-trabajo-3-768x768.png 768w, https:\/\/todoesredondo.es\/wp-content\/uploads\/2023\/07\/Mesa-de-trabajo-3-1536x1536.png 1536w, https:\/\/todoesredondo.es\/wp-content\/uploads\/2023\/07\/Mesa-de-trabajo-3.png 1808w\" sizes=\"(max-width: 1024px) 100vw, 1024px\" \/><\/figure>\n<\/div>\n\n\n\n<div class=\"wp-block-column is-layout-flow wp-block-column-is-layout-flow\">\n<figure class=\"wp-block-image size-large wp-duotone-cf2e2e-ffffff-2\"><img decoding=\"async\" width=\"1024\" height=\"1024\" src=\"https:\/\/todoesredondo.es\/wp-content\/uploads\/2023\/07\/Mesa-de-trabajo-2-1024x1024.png\" alt=\"\" class=\"wp-image-308\" srcset=\"https:\/\/todoesredondo.es\/wp-content\/uploads\/2023\/07\/Mesa-de-trabajo-2-1024x1024.png 1024w, https:\/\/todoesredondo.es\/wp-content\/uploads\/2023\/07\/Mesa-de-trabajo-2-300x300.png 300w, https:\/\/todoesredondo.es\/wp-content\/uploads\/2023\/07\/Mesa-de-trabajo-2-150x150.png 150w, https:\/\/todoesredondo.es\/wp-content\/uploads\/2023\/07\/Mesa-de-trabajo-2-768x768.png 768w, https:\/\/todoesredondo.es\/wp-content\/uploads\/2023\/07\/Mesa-de-trabajo-2-1536x1536.png 1536w, https:\/\/todoesredondo.es\/wp-content\/uploads\/2023\/07\/Mesa-de-trabajo-2.png 1808w\" sizes=\"(max-width: 1024px) 100vw, 1024px\" \/><\/figure>\n<\/div>\n\n\n\n<div class=\"wp-block-column is-layout-flow wp-block-column-is-layout-flow\">\n<figure class=\"wp-block-image size-large wp-duotone-cf2e2e-ffffff-3\"><img decoding=\"async\" width=\"1024\" height=\"1024\" src=\"https:\/\/todoesredondo.es\/wp-content\/uploads\/2023\/07\/Mesa-de-trabajo-4-1024x1024.png\" alt=\"\" class=\"wp-image-309\" srcset=\"https:\/\/todoesredondo.es\/wp-content\/uploads\/2023\/07\/Mesa-de-trabajo-4-1024x1024.png 1024w, https:\/\/todoesredondo.es\/wp-content\/uploads\/2023\/07\/Mesa-de-trabajo-4-300x300.png 300w, https:\/\/todoesredondo.es\/wp-content\/uploads\/2023\/07\/Mesa-de-trabajo-4-150x150.png 150w, https:\/\/todoesredondo.es\/wp-content\/uploads\/2023\/07\/Mesa-de-trabajo-4-768x768.png 768w, https:\/\/todoesredondo.es\/wp-content\/uploads\/2023\/07\/Mesa-de-trabajo-4-1536x1536.png 1536w, https:\/\/todoesredondo.es\/wp-content\/uploads\/2023\/07\/Mesa-de-trabajo-4.png 1808w\" sizes=\"(max-width: 1024px) 100vw, 1024px\" \/><\/figure>\n<\/div>\n<\/div>\n\n\n\n<figure class=\"wp-block-image size-large wp-duotone-cf2e2e-ffffff-4\"><img loading=\"lazy\" decoding=\"async\" width=\"1024\" height=\"421\" src=\"https:\/\/todoesredondo.es\/wp-content\/uploads\/2023\/07\/WhatsApp-Image-2022-10-18-at-12.55.40-PM-1024x421.jpeg\" alt=\"\" class=\"wp-image-310\" srcset=\"https:\/\/todoesredondo.es\/wp-content\/uploads\/2023\/07\/WhatsApp-Image-2022-10-18-at-12.55.40-PM-1024x421.jpeg 1024w, https:\/\/todoesredondo.es\/wp-content\/uploads\/2023\/07\/WhatsApp-Image-2022-10-18-at-12.55.40-PM-300x123.jpeg 300w, https:\/\/todoesredondo.es\/wp-content\/uploads\/2023\/07\/WhatsApp-Image-2022-10-18-at-12.55.40-PM-768x316.jpeg 768w, https:\/\/todoesredondo.es\/wp-content\/uploads\/2023\/07\/WhatsApp-Image-2022-10-18-at-12.55.40-PM.jpeg 1531w\" sizes=\"(max-width: 1024px) 100vw, 1024px\" \/><\/figure>\n\n\n\n<div class=\"wp-block-columns is-layout-flex wp-container-core-columns-is-layout-28f84493 wp-block-columns-is-layout-flex\">\n<div class=\"wp-block-column is-layout-flow wp-block-column-is-layout-flow\">\n<figure class=\"wp-block-image size-large wp-duotone-cf2e2e-ffffff-5\"><img loading=\"lazy\" decoding=\"async\" width=\"1024\" height=\"1024\" src=\"https:\/\/todoesredondo.es\/wp-content\/uploads\/2023\/07\/Mesa-de-trabajo-5-1024x1024.png\" alt=\"\" class=\"wp-image-311\" srcset=\"https:\/\/todoesredondo.es\/wp-content\/uploads\/2023\/07\/Mesa-de-trabajo-5-1024x1024.png 1024w, https:\/\/todoesredondo.es\/wp-content\/uploads\/2023\/07\/Mesa-de-trabajo-5-300x300.png 300w, https:\/\/todoesredondo.es\/wp-content\/uploads\/2023\/07\/Mesa-de-trabajo-5-150x150.png 150w, https:\/\/todoesredondo.es\/wp-content\/uploads\/2023\/07\/Mesa-de-trabajo-5-768x768.png 768w, https:\/\/todoesredondo.es\/wp-content\/uploads\/2023\/07\/Mesa-de-trabajo-5-1536x1536.png 1536w, https:\/\/todoesredondo.es\/wp-content\/uploads\/2023\/07\/Mesa-de-trabajo-5.png 1808w\" sizes=\"(max-width: 1024px) 100vw, 1024px\" \/><\/figure>\n<\/div>\n\n\n\n<div class=\"wp-block-column is-layout-flow wp-block-column-is-layout-flow\">\n<figure class=\"wp-block-image size-large wp-duotone-cf2e2e-ffffff-6\"><img loading=\"lazy\" decoding=\"async\" width=\"1024\" height=\"1024\" src=\"https:\/\/todoesredondo.es\/wp-content\/uploads\/2023\/07\/Mesa-de-trabajo-6-1024x1024.png\" alt=\"\" class=\"wp-image-312\" srcset=\"https:\/\/todoesredondo.es\/wp-content\/uploads\/2023\/07\/Mesa-de-trabajo-6-1024x1024.png 1024w, https:\/\/todoesredondo.es\/wp-content\/uploads\/2023\/07\/Mesa-de-trabajo-6-300x300.png 300w, https:\/\/todoesredondo.es\/wp-content\/uploads\/2023\/07\/Mesa-de-trabajo-6-150x150.png 150w, https:\/\/todoesredondo.es\/wp-content\/uploads\/2023\/07\/Mesa-de-trabajo-6-768x768.png 768w, https:\/\/todoesredondo.es\/wp-content\/uploads\/2023\/07\/Mesa-de-trabajo-6-1536x1536.png 1536w, https:\/\/todoesredondo.es\/wp-content\/uploads\/2023\/07\/Mesa-de-trabajo-6.png 1808w\" sizes=\"(max-width: 1024px) 100vw, 1024px\" \/><\/figure>\n<\/div>\n\n\n\n<div class=\"wp-block-column is-layout-flow wp-block-column-is-layout-flow\">\n<figure class=\"wp-block-image size-large wp-duotone-cf2e2e-ffffff-7\"><img loading=\"lazy\" decoding=\"async\" width=\"1024\" height=\"1024\" src=\"https:\/\/todoesredondo.es\/wp-content\/uploads\/2023\/07\/Mesa-de-trabajo-7-1024x1024.png\" alt=\"\" class=\"wp-image-313\" srcset=\"https:\/\/todoesredondo.es\/wp-content\/uploads\/2023\/07\/Mesa-de-trabajo-7-1024x1024.png 1024w, https:\/\/todoesredondo.es\/wp-content\/uploads\/2023\/07\/Mesa-de-trabajo-7-300x300.png 300w, https:\/\/todoesredondo.es\/wp-content\/uploads\/2023\/07\/Mesa-de-trabajo-7-150x150.png 150w, https:\/\/todoesredondo.es\/wp-content\/uploads\/2023\/07\/Mesa-de-trabajo-7-768x768.png 768w, https:\/\/todoesredondo.es\/wp-content\/uploads\/2023\/07\/Mesa-de-trabajo-7-1536x1536.png 1536w, https:\/\/todoesredondo.es\/wp-content\/uploads\/2023\/07\/Mesa-de-trabajo-7.png 1808w\" sizes=\"(max-width: 1024px) 100vw, 1024px\" \/><\/figure>\n<\/div>\n<\/div>\n\n\n\n<figure class=\"wp-block-image size-large wp-duotone-cf2e2e-ffffff-8\"><img loading=\"lazy\" decoding=\"async\" width=\"1024\" height=\"768\" src=\"https:\/\/todoesredondo.es\/wp-content\/uploads\/2023\/07\/IMG_0403-1024x768.jpeg\" alt=\"\" class=\"wp-image-314\" srcset=\"https:\/\/todoesredondo.es\/wp-content\/uploads\/2023\/07\/IMG_0403-1024x768.jpeg 1024w, https:\/\/todoesredondo.es\/wp-content\/uploads\/2023\/07\/IMG_0403-300x225.jpeg 300w, https:\/\/todoesredondo.es\/wp-content\/uploads\/2023\/07\/IMG_0403-768x576.jpeg 768w, https:\/\/todoesredondo.es\/wp-content\/uploads\/2023\/07\/IMG_0403-1536x1152.jpeg 1536w, https:\/\/todoesredondo.es\/wp-content\/uploads\/2023\/07\/IMG_0403-2048x1536.jpeg 2048w\" sizes=\"(max-width: 1024px) 100vw, 1024px\" \/><\/figure>\n\n\n\n<div class=\"wp-block-columns is-layout-flex wp-container-core-columns-is-layout-28f84493 wp-block-columns-is-layout-flex\">\n<div class=\"wp-block-column is-layout-flow wp-block-column-is-layout-flow\">\n<figure class=\"wp-block-image size-large wp-duotone-cf2e2e-ffffff-9\"><img loading=\"lazy\" decoding=\"async\" width=\"1024\" height=\"1024\" src=\"https:\/\/todoesredondo.es\/wp-content\/uploads\/2023\/07\/Mesa-de-trabajo-8-1024x1024.png\" alt=\"\" class=\"wp-image-315\" srcset=\"https:\/\/todoesredondo.es\/wp-content\/uploads\/2023\/07\/Mesa-de-trabajo-8-1024x1024.png 1024w, https:\/\/todoesredondo.es\/wp-content\/uploads\/2023\/07\/Mesa-de-trabajo-8-300x300.png 300w, https:\/\/todoesredondo.es\/wp-content\/uploads\/2023\/07\/Mesa-de-trabajo-8-150x150.png 150w, https:\/\/todoesredondo.es\/wp-content\/uploads\/2023\/07\/Mesa-de-trabajo-8-768x768.png 768w, https:\/\/todoesredondo.es\/wp-content\/uploads\/2023\/07\/Mesa-de-trabajo-8-1536x1536.png 1536w, https:\/\/todoesredondo.es\/wp-content\/uploads\/2023\/07\/Mesa-de-trabajo-8.png 1808w\" sizes=\"(max-width: 1024px) 100vw, 1024px\" \/><\/figure>\n<\/div>\n\n\n\n<div class=\"wp-block-column is-layout-flow wp-block-column-is-layout-flow\">\n<figure class=\"wp-block-image size-large wp-duotone-cf2e2e-ffffff-10\"><img loading=\"lazy\" decoding=\"async\" width=\"1024\" height=\"1024\" src=\"https:\/\/todoesredondo.es\/wp-content\/uploads\/2023\/07\/Mesa-de-trabajo-9-1024x1024.png\" alt=\"\" class=\"wp-image-316\" srcset=\"https:\/\/todoesredondo.es\/wp-content\/uploads\/2023\/07\/Mesa-de-trabajo-9-1024x1024.png 1024w, https:\/\/todoesredondo.es\/wp-content\/uploads\/2023\/07\/Mesa-de-trabajo-9-300x300.png 300w, https:\/\/todoesredondo.es\/wp-content\/uploads\/2023\/07\/Mesa-de-trabajo-9-150x150.png 150w, https:\/\/todoesredondo.es\/wp-content\/uploads\/2023\/07\/Mesa-de-trabajo-9-768x768.png 768w, https:\/\/todoesredondo.es\/wp-content\/uploads\/2023\/07\/Mesa-de-trabajo-9-1536x1536.png 1536w, https:\/\/todoesredondo.es\/wp-content\/uploads\/2023\/07\/Mesa-de-trabajo-9.png 1808w\" sizes=\"(max-width: 1024px) 100vw, 1024px\" \/><\/figure>\n<\/div>\n\n\n\n<div class=\"wp-block-column is-layout-flow wp-block-column-is-layout-flow\">\n<figure class=\"wp-block-image size-large wp-duotone-cf2e2e-ffffff-11\"><img loading=\"lazy\" decoding=\"async\" width=\"1024\" height=\"1024\" src=\"https:\/\/todoesredondo.es\/wp-content\/uploads\/2023\/07\/Mesa-de-trabajo-10-1024x1024.png\" alt=\"\" class=\"wp-image-317\" srcset=\"https:\/\/todoesredondo.es\/wp-content\/uploads\/2023\/07\/Mesa-de-trabajo-10-1024x1024.png 1024w, https:\/\/todoesredondo.es\/wp-content\/uploads\/2023\/07\/Mesa-de-trabajo-10-300x300.png 300w, https:\/\/todoesredondo.es\/wp-content\/uploads\/2023\/07\/Mesa-de-trabajo-10-150x150.png 150w, https:\/\/todoesredondo.es\/wp-content\/uploads\/2023\/07\/Mesa-de-trabajo-10-768x768.png 768w, https:\/\/todoesredondo.es\/wp-content\/uploads\/2023\/07\/Mesa-de-trabajo-10-1536x1536.png 1536w, https:\/\/todoesredondo.es\/wp-content\/uploads\/2023\/07\/Mesa-de-trabajo-10.png 1808w\" sizes=\"(max-width: 1024px) 100vw, 1024px\" \/><\/figure>\n<\/div>\n<\/div>\n\n\n\n<figure class=\"wp-block-image size-large wp-duotone-cf2e2e-ffffff-12\"><img loading=\"lazy\" decoding=\"async\" width=\"1024\" height=\"768\" src=\"https:\/\/todoesredondo.es\/wp-content\/uploads\/2023\/07\/IMG_0333-1024x768.jpeg\" alt=\"\" class=\"wp-image-318\" srcset=\"https:\/\/todoesredondo.es\/wp-content\/uploads\/2023\/07\/IMG_0333-1024x768.jpeg 1024w, https:\/\/todoesredondo.es\/wp-content\/uploads\/2023\/07\/IMG_0333-300x225.jpeg 300w, https:\/\/todoesredondo.es\/wp-content\/uploads\/2023\/07\/IMG_0333-768x576.jpeg 768w, https:\/\/todoesredondo.es\/wp-content\/uploads\/2023\/07\/IMG_0333-1536x1152.jpeg 1536w, https:\/\/todoesredondo.es\/wp-content\/uploads\/2023\/07\/IMG_0333-2048x1536.jpeg 2048w\" sizes=\"(max-width: 1024px) 100vw, 1024px\" \/><\/figure>\n\n\n\n<div class=\"wp-block-columns is-layout-flex wp-container-core-columns-is-layout-28f84493 wp-block-columns-is-layout-flex\">\n<div class=\"wp-block-column is-layout-flow wp-block-column-is-layout-flow\">\n<figure class=\"wp-block-image size-large wp-duotone-cf2e2e-ffffff-13\"><img loading=\"lazy\" decoding=\"async\" width=\"1024\" height=\"1024\" src=\"https:\/\/todoesredondo.es\/wp-content\/uploads\/2023\/07\/Mesa-de-trabajo-13-1024x1024.png\" alt=\"\" class=\"wp-image-322\" srcset=\"https:\/\/todoesredondo.es\/wp-content\/uploads\/2023\/07\/Mesa-de-trabajo-13-1024x1024.png 1024w, https:\/\/todoesredondo.es\/wp-content\/uploads\/2023\/07\/Mesa-de-trabajo-13-300x300.png 300w, https:\/\/todoesredondo.es\/wp-content\/uploads\/2023\/07\/Mesa-de-trabajo-13-150x150.png 150w, https:\/\/todoesredondo.es\/wp-content\/uploads\/2023\/07\/Mesa-de-trabajo-13-768x768.png 768w, https:\/\/todoesredondo.es\/wp-content\/uploads\/2023\/07\/Mesa-de-trabajo-13-1536x1536.png 1536w, https:\/\/todoesredondo.es\/wp-content\/uploads\/2023\/07\/Mesa-de-trabajo-13.png 1808w\" sizes=\"(max-width: 1024px) 100vw, 1024px\" \/><\/figure>\n<\/div>\n\n\n\n<div class=\"wp-block-column is-layout-flow wp-block-column-is-layout-flow\">\n<figure class=\"wp-block-image size-large wp-duotone-cf2e2e-ffffff-14\"><img loading=\"lazy\" decoding=\"async\" width=\"1024\" height=\"1024\" src=\"https:\/\/todoesredondo.es\/wp-content\/uploads\/2023\/07\/Mesa-de-trabajo-14-1024x1024.png\" alt=\"\" class=\"wp-image-320\" srcset=\"https:\/\/todoesredondo.es\/wp-content\/uploads\/2023\/07\/Mesa-de-trabajo-14-1024x1024.png 1024w, https:\/\/todoesredondo.es\/wp-content\/uploads\/2023\/07\/Mesa-de-trabajo-14-300x300.png 300w, https:\/\/todoesredondo.es\/wp-content\/uploads\/2023\/07\/Mesa-de-trabajo-14-150x150.png 150w, https:\/\/todoesredondo.es\/wp-content\/uploads\/2023\/07\/Mesa-de-trabajo-14-768x768.png 768w, https:\/\/todoesredondo.es\/wp-content\/uploads\/2023\/07\/Mesa-de-trabajo-14-1536x1536.png 1536w, https:\/\/todoesredondo.es\/wp-content\/uploads\/2023\/07\/Mesa-de-trabajo-14.png 1808w\" sizes=\"(max-width: 1024px) 100vw, 1024px\" \/><\/figure>\n<\/div>\n\n\n\n<div class=\"wp-block-column is-layout-flow wp-block-column-is-layout-flow\">\n<figure class=\"wp-block-image size-large wp-duotone-cf2e2e-ffffff-15\"><img loading=\"lazy\" decoding=\"async\" width=\"1024\" height=\"1024\" src=\"https:\/\/todoesredondo.es\/wp-content\/uploads\/2023\/07\/Mesa-de-trabajo-15-1024x1024.png\" alt=\"\" class=\"wp-image-321\" srcset=\"https:\/\/todoesredondo.es\/wp-content\/uploads\/2023\/07\/Mesa-de-trabajo-15-1024x1024.png 1024w, https:\/\/todoesredondo.es\/wp-content\/uploads\/2023\/07\/Mesa-de-trabajo-15-300x300.png 300w, https:\/\/todoesredondo.es\/wp-content\/uploads\/2023\/07\/Mesa-de-trabajo-15-150x150.png 150w, https:\/\/todoesredondo.es\/wp-content\/uploads\/2023\/07\/Mesa-de-trabajo-15-768x768.png 768w, https:\/\/todoesredondo.es\/wp-content\/uploads\/2023\/07\/Mesa-de-trabajo-15-1536x1536.png 1536w, https:\/\/todoesredondo.es\/wp-content\/uploads\/2023\/07\/Mesa-de-trabajo-15.png 1808w\" sizes=\"(max-width: 1024px) 100vw, 1024px\" \/><\/figure>\n<\/div>\n<\/div>\n","protected":false},"excerpt":{"rendered":"<p>Una peque\u00f1a galer\u00eda montada en el pabell\u00f3n p\u00farpura del SOFA (Sal\u00f3n de Ocio y Fantas\u00eda) 2022. La muestra estaba compuesta por 15 artistas que hacen parte del archivo de Proyecto Vestales, un proyecto en el que llevo trabajando hace 2 a\u00f1os. Vestales es una plataforma de difusi\u00f3n, cr\u00edtica y archivo de artistas mujeres colombianas.<\/p>\n","protected":false},"author":1,"featured_media":0,"parent":69,"menu_order":11,"comment_status":"closed","ping_status":"closed","template":"","meta":{"footnotes":""},"class_list":["post-306","page","type-page","status-publish","hentry"],"yoast_head":"<!-- This site is optimized with the Yoast SEO plugin v26.5 - https:\/\/yoast.com\/wordpress\/plugins\/seo\/ -->\n<title>Galer\u00eda Vestales - \u25cc Todo es Redondo \u25cc<\/title>\n<meta name=\"robots\" content=\"index, follow, max-snippet:-1, max-image-preview:large, max-video-preview:-1\" \/>\n<link rel=\"canonical\" href=\"https:\/\/todoesredondo.es\/?page_id=306\" \/>\n<meta property=\"og:locale\" content=\"en_US\" \/>\n<meta property=\"og:type\" content=\"article\" \/>\n<meta property=\"og:title\" content=\"Galer\u00eda Vestales - \u25cc Todo es Redondo \u25cc\" \/>\n<meta property=\"og:description\" content=\"Una peque\u00f1a galer\u00eda montada en el pabell\u00f3n p\u00farpura del SOFA (Sal\u00f3n de Ocio y Fantas\u00eda) 2022. La muestra estaba compuesta por 15 artistas que hacen parte del archivo de Proyecto Vestales, un proyecto en el que llevo trabajando hace 2 a\u00f1os. Vestales es una plataforma de difusi\u00f3n, cr\u00edtica y archivo de artistas mujeres colombianas.\" \/>\n<meta property=\"og:url\" content=\"https:\/\/todoesredondo.es\/?page_id=306\" \/>\n<meta property=\"og:site_name\" content=\"\u25cc Todo es Redondo \u25cc\" \/>\n<meta property=\"article:modified_time\" content=\"2023-07-03T15:42:59+00:00\" \/>\n<meta property=\"og:image\" content=\"https:\/\/todoesredondo.es\/wp-content\/uploads\/2023\/07\/Mesa-de-trabajo-3-1024x1024.png\" \/>\n<meta name=\"twitter:card\" content=\"summary_large_image\" \/>\n<meta name=\"twitter:label1\" content=\"Est. reading time\" \/>\n\t<meta name=\"twitter:data1\" content=\"4 minutes\" \/>\n<script type=\"application\/ld+json\" class=\"yoast-schema-graph\">{\"@context\":\"https:\/\/schema.org\",\"@graph\":[{\"@type\":\"WebPage\",\"@id\":\"https:\/\/todoesredondo.es\/?page_id=306\",\"url\":\"https:\/\/todoesredondo.es\/?page_id=306\",\"name\":\"Galer\u00eda Vestales - \u25cc Todo es Redondo \u25cc\",\"isPartOf\":{\"@id\":\"https:\/\/todoesredondo.es\/#website\"},\"primaryImageOfPage\":{\"@id\":\"https:\/\/todoesredondo.es\/?page_id=306#primaryimage\"},\"image\":{\"@id\":\"https:\/\/todoesredondo.es\/?page_id=306#primaryimage\"},\"thumbnailUrl\":\"https:\/\/todoesredondo.es\/wp-content\/uploads\/2023\/07\/Mesa-de-trabajo-3-1024x1024.png\",\"datePublished\":\"2023-07-03T15:42:35+00:00\",\"dateModified\":\"2023-07-03T15:42:59+00:00\",\"breadcrumb\":{\"@id\":\"https:\/\/todoesredondo.es\/?page_id=306#breadcrumb\"},\"inLanguage\":\"en-US\",\"potentialAction\":[{\"@type\":\"ReadAction\",\"target\":[\"https:\/\/todoesredondo.es\/?page_id=306\"]}]},{\"@type\":\"ImageObject\",\"inLanguage\":\"en-US\",\"@id\":\"https:\/\/todoesredondo.es\/?page_id=306#primaryimage\",\"url\":\"https:\/\/todoesredondo.es\/wp-content\/uploads\/2023\/07\/Mesa-de-trabajo-3-1024x1024.png\",\"contentUrl\":\"https:\/\/todoesredondo.es\/wp-content\/uploads\/2023\/07\/Mesa-de-trabajo-3-1024x1024.png\"},{\"@type\":\"BreadcrumbList\",\"@id\":\"https:\/\/todoesredondo.es\/?page_id=306#breadcrumb\",\"itemListElement\":[{\"@type\":\"ListItem\",\"position\":1,\"name\":\"Portada\",\"item\":\"https:\/\/todoesredondo.es\/\"},{\"@type\":\"ListItem\",\"position\":2,\"name\":\"Proyectos\",\"item\":\"https:\/\/todoesredondo.es\/?page_id=69\"},{\"@type\":\"ListItem\",\"position\":3,\"name\":\"Galer\u00eda Vestales\"}]},{\"@type\":\"WebSite\",\"@id\":\"https:\/\/todoesredondo.es\/#website\",\"url\":\"https:\/\/todoesredondo.es\/\",\"name\":\"\u25cc Todo es Redondo \u25cc\",\"description\":\"\",\"publisher\":{\"@id\":\"https:\/\/todoesredondo.es\/#\/schema\/person\/1576300a3ce607d928606560fb256fb5\"},\"potentialAction\":[{\"@type\":\"SearchAction\",\"target\":{\"@type\":\"EntryPoint\",\"urlTemplate\":\"https:\/\/todoesredondo.es\/?s={search_term_string}\"},\"query-input\":{\"@type\":\"PropertyValueSpecification\",\"valueRequired\":true,\"valueName\":\"search_term_string\"}}],\"inLanguage\":\"en-US\"},{\"@type\":[\"Person\",\"Organization\"],\"@id\":\"https:\/\/todoesredondo.es\/#\/schema\/person\/1576300a3ce607d928606560fb256fb5\",\"name\":\"todoesredondo.es\",\"image\":{\"@type\":\"ImageObject\",\"inLanguage\":\"en-US\",\"@id\":\"https:\/\/todoesredondo.es\/#\/schema\/person\/image\/\",\"url\":\"https:\/\/secure.gravatar.com\/avatar\/7122c156525b3d3a96c4cdb2245b7bf01b43a51c1dd28ab5d5e0e61450672b9f?s=96&d=mm&r=g\",\"contentUrl\":\"https:\/\/secure.gravatar.com\/avatar\/7122c156525b3d3a96c4cdb2245b7bf01b43a51c1dd28ab5d5e0e61450672b9f?s=96&d=mm&r=g\",\"caption\":\"todoesredondo.es\"},\"logo\":{\"@id\":\"https:\/\/todoesredondo.es\/#\/schema\/person\/image\/\"},\"sameAs\":[\"http:\/\/todoesredondo.es\",\"https:\/\/www.instagram.com\/_todoesredondo\/\"]}]}<\/script>\n<!-- \/ Yoast SEO plugin. -->","yoast_head_json":{"title":"Galer\u00eda Vestales - \u25cc Todo es Redondo \u25cc","robots":{"index":"index","follow":"follow","max-snippet":"max-snippet:-1","max-image-preview":"max-image-preview:large","max-video-preview":"max-video-preview:-1"},"canonical":"https:\/\/todoesredondo.es\/?page_id=306","og_locale":"en_US","og_type":"article","og_title":"Galer\u00eda Vestales - \u25cc Todo es Redondo \u25cc","og_description":"Una peque\u00f1a galer\u00eda montada en el pabell\u00f3n p\u00farpura del SOFA (Sal\u00f3n de Ocio y Fantas\u00eda) 2022. La muestra estaba compuesta por 15 artistas que hacen parte del archivo de Proyecto Vestales, un proyecto en el que llevo trabajando hace 2 a\u00f1os. Vestales es una plataforma de difusi\u00f3n, cr\u00edtica y archivo de artistas mujeres colombianas.","og_url":"https:\/\/todoesredondo.es\/?page_id=306","og_site_name":"\u25cc Todo es Redondo \u25cc","article_modified_time":"2023-07-03T15:42:59+00:00","og_image":[{"url":"https:\/\/todoesredondo.es\/wp-content\/uploads\/2023\/07\/Mesa-de-trabajo-3-1024x1024.png","type":"","width":"","height":""}],"twitter_card":"summary_large_image","twitter_misc":{"Est. reading time":"4 minutes"},"schema":{"@context":"https:\/\/schema.org","@graph":[{"@type":"WebPage","@id":"https:\/\/todoesredondo.es\/?page_id=306","url":"https:\/\/todoesredondo.es\/?page_id=306","name":"Galer\u00eda Vestales - \u25cc Todo es Redondo \u25cc","isPartOf":{"@id":"https:\/\/todoesredondo.es\/#website"},"primaryImageOfPage":{"@id":"https:\/\/todoesredondo.es\/?page_id=306#primaryimage"},"image":{"@id":"https:\/\/todoesredondo.es\/?page_id=306#primaryimage"},"thumbnailUrl":"https:\/\/todoesredondo.es\/wp-content\/uploads\/2023\/07\/Mesa-de-trabajo-3-1024x1024.png","datePublished":"2023-07-03T15:42:35+00:00","dateModified":"2023-07-03T15:42:59+00:00","breadcrumb":{"@id":"https:\/\/todoesredondo.es\/?page_id=306#breadcrumb"},"inLanguage":"en-US","potentialAction":[{"@type":"ReadAction","target":["https:\/\/todoesredondo.es\/?page_id=306"]}]},{"@type":"ImageObject","inLanguage":"en-US","@id":"https:\/\/todoesredondo.es\/?page_id=306#primaryimage","url":"https:\/\/todoesredondo.es\/wp-content\/uploads\/2023\/07\/Mesa-de-trabajo-3-1024x1024.png","contentUrl":"https:\/\/todoesredondo.es\/wp-content\/uploads\/2023\/07\/Mesa-de-trabajo-3-1024x1024.png"},{"@type":"BreadcrumbList","@id":"https:\/\/todoesredondo.es\/?page_id=306#breadcrumb","itemListElement":[{"@type":"ListItem","position":1,"name":"Portada","item":"https:\/\/todoesredondo.es\/"},{"@type":"ListItem","position":2,"name":"Proyectos","item":"https:\/\/todoesredondo.es\/?page_id=69"},{"@type":"ListItem","position":3,"name":"Galer\u00eda Vestales"}]},{"@type":"WebSite","@id":"https:\/\/todoesredondo.es\/#website","url":"https:\/\/todoesredondo.es\/","name":"\u25cc Todo es Redondo \u25cc","description":"","publisher":{"@id":"https:\/\/todoesredondo.es\/#\/schema\/person\/1576300a3ce607d928606560fb256fb5"},"potentialAction":[{"@type":"SearchAction","target":{"@type":"EntryPoint","urlTemplate":"https:\/\/todoesredondo.es\/?s={search_term_string}"},"query-input":{"@type":"PropertyValueSpecification","valueRequired":true,"valueName":"search_term_string"}}],"inLanguage":"en-US"},{"@type":["Person","Organization"],"@id":"https:\/\/todoesredondo.es\/#\/schema\/person\/1576300a3ce607d928606560fb256fb5","name":"todoesredondo.es","image":{"@type":"ImageObject","inLanguage":"en-US","@id":"https:\/\/todoesredondo.es\/#\/schema\/person\/image\/","url":"https:\/\/secure.gravatar.com\/avatar\/7122c156525b3d3a96c4cdb2245b7bf01b43a51c1dd28ab5d5e0e61450672b9f?s=96&d=mm&r=g","contentUrl":"https:\/\/secure.gravatar.com\/avatar\/7122c156525b3d3a96c4cdb2245b7bf01b43a51c1dd28ab5d5e0e61450672b9f?s=96&d=mm&r=g","caption":"todoesredondo.es"},"logo":{"@id":"https:\/\/todoesredondo.es\/#\/schema\/person\/image\/"},"sameAs":["http:\/\/todoesredondo.es","https:\/\/www.instagram.com\/_todoesredondo\/"]}]}},"_links":{"self":[{"href":"https:\/\/todoesredondo.es\/index.php?rest_route=\/wp\/v2\/pages\/306","targetHints":{"allow":["GET"]}}],"collection":[{"href":"https:\/\/todoesredondo.es\/index.php?rest_route=\/wp\/v2\/pages"}],"about":[{"href":"https:\/\/todoesredondo.es\/index.php?rest_route=\/wp\/v2\/types\/page"}],"author":[{"embeddable":true,"href":"https:\/\/todoesredondo.es\/index.php?rest_route=\/wp\/v2\/users\/1"}],"replies":[{"embeddable":true,"href":"https:\/\/todoesredondo.es\/index.php?rest_route=%2Fwp%2Fv2%2Fcomments&post=306"}],"version-history":[{"count":0,"href":"https:\/\/todoesredondo.es\/index.php?rest_route=\/wp\/v2\/pages\/306\/revisions"}],"up":[{"embeddable":true,"href":"https:\/\/todoesredondo.es\/index.php?rest_route=\/wp\/v2\/pages\/69"}],"wp:attachment":[{"href":"https:\/\/todoesredondo.es\/index.php?rest_route=%2Fwp%2Fv2%2Fmedia&parent=306"}],"curies":[{"name":"wp","href":"https:\/\/api.w.org\/{rel}","templated":true}]}}