{"id":44,"date":"2023-07-02T17:08:43","date_gmt":"2023-07-02T17:08:43","guid":{"rendered":"https:\/\/todoesredondo.es\/?page_id=44"},"modified":"2023-07-02T18:56:51","modified_gmt":"2023-07-02T18:56:51","slug":"silvia-ramos-montes","status":"publish","type":"page","link":"https:\/\/todoesredondo.es\/?page_id=44","title":{"rendered":"Bio"},"content":{"rendered":"\n<p><\/p>\n\n\n\n<div class=\"wp-block-group is-vertical is-content-justification-center is-nowrap is-layout-flex wp-container-core-group-is-layout-857ef822 wp-block-group-is-layout-flex\">\n<figure class=\"wp-block-image size-large is-resized wp-duotone-cf2e2e-ffffff-1\"><img fetchpriority=\"high\" decoding=\"async\" src=\"https:\/\/todoesredondo.es\/wp-content\/uploads\/2023\/07\/1014096-1-769x1024.jpg\" alt=\"\" class=\"wp-image-50\" width=\"354\" height=\"471\" srcset=\"https:\/\/todoesredondo.es\/wp-content\/uploads\/2023\/07\/1014096-1-769x1024.jpg 769w, https:\/\/todoesredondo.es\/wp-content\/uploads\/2023\/07\/1014096-1-225x300.jpg 225w, https:\/\/todoesredondo.es\/wp-content\/uploads\/2023\/07\/1014096-1-768x1023.jpg 768w, https:\/\/todoesredondo.es\/wp-content\/uploads\/2023\/07\/1014096-1-1153x1536.jpg 1153w, https:\/\/todoesredondo.es\/wp-content\/uploads\/2023\/07\/1014096-1-1538x2048.jpg 1538w, https:\/\/todoesredondo.es\/wp-content\/uploads\/2023\/07\/1014096-1-scaled.jpg 1922w\" sizes=\"(max-width: 354px) 100vw, 354px\" \/><\/figure>\n\n\n\n<p id=\"wngA79iLhmDVqRUH\">Bogot\u00e1, 1994<\/p>\n\n\n\n<div class=\"wp-block-group is-vertical is-layout-flex wp-container-core-group-is-layout-fe9cc265 wp-block-group-is-layout-flex\">\n<h2 class=\"wp-block-heading has-small-font-size\"><br>Nac\u00ed en Bogot\u00e1 donde crec\u00ed y estudi\u00e9 la carrera de artes pl\u00e1sticas en la Universidad Jorge Tadeo Lozano. Actualmente resido en Barcelona donde hice el M\u00e1ster en Comisariado de Arte Digital en la Universidad Ramon Llull.<br><br>Desde el 2017 he participado en diferentes muestras colectivas y he desarrollado un par de proyectos curatoriales.<\/h2>\n<\/div>\n<\/div>\n\n\n\n<div class=\"wp-block-group is-nowrap is-layout-flex wp-container-core-group-is-layout-6c531013 wp-block-group-is-layout-flex\">\n<div style=\"height:100px\" aria-hidden=\"true\" class=\"wp-block-spacer\"><\/div>\n<\/div>\n\n\n\n<div class=\"wp-block-columns is-layout-flex wp-container-core-columns-is-layout-28f84493 wp-block-columns-is-layout-flex\">\n<div class=\"wp-block-column is-layout-flow wp-block-column-is-layout-flow\" style=\"flex-basis:50%\">\n<div class=\"wp-block-group is-vertical is-layout-flex wp-container-core-group-is-layout-fe9cc265 wp-block-group-is-layout-flex\">\n<h1 class=\"wp-block-heading\"><strong>CV<\/strong><\/h1>\n\n\n\n<p><\/p>\n\n\n\n<p>\u25cc<strong>ESTUDIOS<\/strong><\/p>\n\n\n\n<h2 class=\"wp-block-heading has-medium-font-size\"><br><strong>PREGRADO<\/strong><br><br><\/h2>\n\n\n\n<h2 class=\"wp-block-heading has-medium-font-size\"><strong>2019 <\/strong><\/h2>\n\n\n\n<h2 class=\"wp-block-heading has-small-font-size\">Maestra en artes pl\u00e1sticas,Universidad Jorge Tadeo Lozano.<br>POSGRADO<\/h2>\n\n\n\n<h2 class=\"wp-block-heading has-medium-font-size\"><br><br><strong>2022<\/strong> <\/h2>\n\n\n\n<h2 class=\"wp-block-heading has-small-font-size\">Master en Comisariado de Arte Digital, Esdi(escola superior de disseny)-Ramon Llull.<br><br><\/h2>\n\n\n\n<p>\u25cc<strong>EXPOSICIONES COLECTIVAS<\/strong><\/p>\n\n\n\n<h2 class=\"wp-block-heading has-medium-font-size\"><br><strong><br>2023 <\/strong><\/h2>\n\n\n\n<h2 class=\"wp-block-heading has-small-font-size\">Accions per tornar a casa. Centre C\u00edvic El Coll. Barcelona, Espa\u00f1a.<br><\/h2>\n\n\n\n<h2 class=\"wp-block-heading has-medium-font-size\"><strong>2023 <\/strong><\/h2>\n\n\n\n<h2 class=\"wp-block-heading has-small-font-size\">Habitar los m\u00e1rgenes. Centre C\u00edvicBarceloneta. Barcelona, Espa\u00f1a<\/h2>\n\n\n\n<h2 class=\"wp-block-heading has-medium-font-size\"><br><strong>2022<\/strong> <\/h2>\n\n\n\n<h2 class=\"wp-block-heading has-small-font-size\">No hi ha exposici\u00f3!. Ca la Dona. Barcelona, Espa\u00f1a.<br><strong>2022<\/strong> Galer\u00eda Vestales. Pabell\u00f3n p\u00farpura SOFA en corferias. Bogot\u00e1, Colombia.<br><\/h2>\n\n\n\n<h2 class=\"wp-block-heading has-medium-font-size\"><strong>2022<\/strong> <\/h2>\n\n\n\n<h2 class=\"wp-block-heading has-small-font-size\">Group Show. Pent\u00e1culo Escultores. Barcelona, Espa\u00f1a.<br><\/h2>\n\n\n\n<h2 class=\"wp-block-heading has-medium-font-size\"><strong>2021&nbsp;<\/strong><\/h2>\n\n\n\n<h2 class=\"wp-block-heading has-small-font-size\">Desobediencia. Museo Rayo. Roldanillo, Colombia.<br><\/h2>\n\n\n\n<h2 class=\"wp-block-heading has-medium-font-size\"><strong>2021<\/strong> <\/h2>\n\n\n\n<h2 class=\"wp-block-heading has-small-font-size\">Open studio. Pent\u00e1culo Escultores. Barcelona, Espa\u00f1a.<br><\/h2>\n\n\n\n<h2 class=\"wp-block-heading has-medium-font-size\"><strong>2020 <\/strong><\/h2>\n\n\n\n<h2 class=\"wp-block-heading has-small-font-size\">Spotlights. Feria Barc\u00fa. Bogot\u00e1, Colombia.<br><\/h2>\n\n\n\n<h2 class=\"wp-block-heading has-medium-font-size\"><strong>2019<\/strong> <\/h2>\n\n\n\n<h2 class=\"wp-block-heading has-small-font-size\">Se cubre, se calla, se exhibe, se olvida. Galer\u00eda Neebex. Bogot\u00e1, Colombia.<br><\/h2>\n\n\n\n<h2 class=\"wp-block-heading has-medium-font-size\"><strong>2019<\/strong> <\/h2>\n\n\n\n<h2 class=\"wp-block-heading has-small-font-size\">Abierto desde afuera. Teatro Cafam. Bogot\u00e1, Colombia.<br><\/h2>\n\n\n\n<h2 class=\"wp-block-heading has-medium-font-size\"><strong>2018<\/strong> <\/h2>\n\n\n\n<h2 class=\"wp-block-heading has-small-font-size\">Suerte y Muerte. Universidad Jorge Tadeo Lozano. Bogot\u00e1, Colombia.<br><\/h2>\n\n\n\n<h2 class=\"wp-block-heading has-medium-font-size\"><strong>2018<\/strong> <\/h2>\n\n\n\n<h2 class=\"wp-block-heading has-small-font-size\">Fortuna. Casa Rat Trap. Bogot\u00e1, Colombia.<\/h2>\n\n\n\n<h2 class=\"wp-block-heading has-medium-font-size\"><br><strong>2018<\/strong> <\/h2>\n\n\n\n<h2 class=\"wp-block-heading has-small-font-size\">Anima(l). Museo de Artes Visuales de la Universidad Jorge Tadeo Lozano. Bogot\u00e1, Colombia.<br><\/h2>\n\n\n\n<h2 class=\"wp-block-heading has-medium-font-size\"><strong>2017<\/strong> <\/h2>\n\n\n\n<h2 class=\"wp-block-heading has-small-font-size\">Doble nomenclatura. Casa Rat Trap. Bogot\u00e1, Colombia.<br><\/h2>\n\n\n\n<h2 class=\"wp-block-heading has-medium-font-size\"><strong>2017<\/strong> <\/h2>\n\n\n\n<h2 class=\"wp-block-heading has-small-font-size\">Jarr\u00f3n, jarr\u00f3n. Espacio KB. Bogot\u00e1, Colombia. <strong>2017<\/strong> SuperTaz\u00f3n. Tienda Arca. Bogot\u00e1, Colombia.<br><\/h2>\n\n\n\n<p><\/p>\n\n\n\n<p><\/p>\n\n\n\n<p class=\"has-medium-font-size\"><strong>\u25ccPROYECTOS CURATORIALES<\/strong><\/p>\n\n\n\n<h2 class=\"wp-block-heading has-medium-font-size\"><br><br><strong>2022<\/strong> <\/h2>\n\n\n\n<h2 class=\"wp-block-heading has-small-font-size\">Galer\u00eda Vestales. Pabell\u00f3n p\u00farpura SOFA en corferias. Bogot\u00e1, Colombia.<br><\/h2>\n\n\n\n<h2 class=\"wp-block-heading has-medium-font-size\"><strong>2018<\/strong> <\/h2>\n\n\n\n<h2 class=\"wp-block-heading has-small-font-size\">Fortuna. Casa Rat Trap. Bogot\u00e1, Colombia.<br><br><br><\/h2>\n\n\n\n<p class=\"has-medium-font-size\"><strong>\u25ccRESIDENCIAS ART\u00cdSTICAS<\/strong><\/p>\n\n\n\n<h2 class=\"wp-block-heading has-medium-font-size\"><br><strong>2022<\/strong> <\/h2>\n\n\n\n<h2 class=\"wp-block-heading has-small-font-size\">Emergencies 4 con FemArt. Barcelona, Espa\u00f1a.<\/h2>\n\n\n\n<h2 class=\"wp-block-heading has-medium-font-size\"><br><strong>2021<\/strong> <\/h2>\n\n\n\n<h2 class=\"wp-block-heading has-small-font-size\">R.A.R.O. Barcelona, Espa\u00f1a.<br><br><br><\/h2>\n\n\n\n<p class=\"has-medium-font-size\">\u25cc<strong>COLECCIONES<\/strong><\/p>\n\n\n\n<h2 class=\"wp-block-heading has-medium-font-size\"><br><strong>2021<\/strong> <\/h2>\n\n\n\n<h2 class=\"wp-block-heading has-small-font-size\">Colecci\u00f3n Museo Rayo. Roldanillo, Colombia.<\/h2>\n<\/div>\n<\/div>\n<\/div>\n","protected":false},"excerpt":{"rendered":"<p>Bogot\u00e1, 1994 Nac\u00ed en Bogot\u00e1 donde crec\u00ed y estudi\u00e9 la carrera de artes pl\u00e1sticas en la Universidad Jorge Tadeo Lozano. Actualmente resido en Barcelona donde hice el M\u00e1ster en Comisariado de Arte Digital en la Universidad Ramon Llull. Desde el 2017 he participado en diferentes muestras colectivas y he desarrollado un par de proyectos curatoriales. [&hellip;]<\/p>\n","protected":false},"author":1,"featured_media":0,"parent":0,"menu_order":1,"comment_status":"closed","ping_status":"closed","template":"","meta":{"footnotes":""},"class_list":["post-44","page","type-page","status-publish","hentry"],"yoast_head":"<!-- This site is optimized with the Yoast SEO plugin v26.5 - https:\/\/yoast.com\/wordpress\/plugins\/seo\/ -->\n<title>Bio - \u25cc Todo es Redondo \u25cc<\/title>\n<meta name=\"robots\" content=\"index, follow, max-snippet:-1, max-image-preview:large, max-video-preview:-1\" \/>\n<link rel=\"canonical\" href=\"https:\/\/todoesredondo.es\/?page_id=44\" \/>\n<meta property=\"og:locale\" content=\"en_US\" \/>\n<meta property=\"og:type\" content=\"article\" \/>\n<meta property=\"og:title\" content=\"Bio - \u25cc Todo es Redondo \u25cc\" \/>\n<meta property=\"og:description\" content=\"Bogot\u00e1, 1994 Nac\u00ed en Bogot\u00e1 donde crec\u00ed y estudi\u00e9 la carrera de artes pl\u00e1sticas en la Universidad Jorge Tadeo Lozano. Actualmente resido en Barcelona donde hice el M\u00e1ster en Comisariado de Arte Digital en la Universidad Ramon Llull. Desde el 2017 he participado en diferentes muestras colectivas y he desarrollado un par de proyectos curatoriales. [&hellip;]\" \/>\n<meta property=\"og:url\" content=\"https:\/\/todoesredondo.es\/?page_id=44\" \/>\n<meta property=\"og:site_name\" content=\"\u25cc Todo es Redondo \u25cc\" \/>\n<meta property=\"article:modified_time\" content=\"2023-07-02T18:56:51+00:00\" \/>\n<meta property=\"og:image\" content=\"https:\/\/todoesredondo.es\/wp-content\/uploads\/2023\/07\/1014096-1-769x1024.jpg\" \/>\n<meta name=\"twitter:card\" content=\"summary_large_image\" \/>\n<meta name=\"twitter:label1\" content=\"Est. reading time\" \/>\n\t<meta name=\"twitter:data1\" content=\"2 minutes\" \/>\n<script type=\"application\/ld+json\" class=\"yoast-schema-graph\">{\"@context\":\"https:\/\/schema.org\",\"@graph\":[{\"@type\":\"WebPage\",\"@id\":\"https:\/\/todoesredondo.es\/?page_id=44\",\"url\":\"https:\/\/todoesredondo.es\/?page_id=44\",\"name\":\"Bio - \u25cc Todo es Redondo \u25cc\",\"isPartOf\":{\"@id\":\"https:\/\/todoesredondo.es\/#website\"},\"primaryImageOfPage\":{\"@id\":\"https:\/\/todoesredondo.es\/?page_id=44#primaryimage\"},\"image\":{\"@id\":\"https:\/\/todoesredondo.es\/?page_id=44#primaryimage\"},\"thumbnailUrl\":\"https:\/\/todoesredondo.es\/wp-content\/uploads\/2023\/07\/1014096-1-769x1024.jpg\",\"datePublished\":\"2023-07-02T17:08:43+00:00\",\"dateModified\":\"2023-07-02T18:56:51+00:00\",\"breadcrumb\":{\"@id\":\"https:\/\/todoesredondo.es\/?page_id=44#breadcrumb\"},\"inLanguage\":\"en-US\",\"potentialAction\":[{\"@type\":\"ReadAction\",\"target\":[\"https:\/\/todoesredondo.es\/?page_id=44\"]}]},{\"@type\":\"ImageObject\",\"inLanguage\":\"en-US\",\"@id\":\"https:\/\/todoesredondo.es\/?page_id=44#primaryimage\",\"url\":\"https:\/\/todoesredondo.es\/wp-content\/uploads\/2023\/07\/1014096-1-769x1024.jpg\",\"contentUrl\":\"https:\/\/todoesredondo.es\/wp-content\/uploads\/2023\/07\/1014096-1-769x1024.jpg\"},{\"@type\":\"BreadcrumbList\",\"@id\":\"https:\/\/todoesredondo.es\/?page_id=44#breadcrumb\",\"itemListElement\":[{\"@type\":\"ListItem\",\"position\":1,\"name\":\"Portada\",\"item\":\"https:\/\/todoesredondo.es\/\"},{\"@type\":\"ListItem\",\"position\":2,\"name\":\"Bio\"}]},{\"@type\":\"WebSite\",\"@id\":\"https:\/\/todoesredondo.es\/#website\",\"url\":\"https:\/\/todoesredondo.es\/\",\"name\":\"\u25cc Todo es Redondo \u25cc\",\"description\":\"\",\"publisher\":{\"@id\":\"https:\/\/todoesredondo.es\/#\/schema\/person\/1576300a3ce607d928606560fb256fb5\"},\"potentialAction\":[{\"@type\":\"SearchAction\",\"target\":{\"@type\":\"EntryPoint\",\"urlTemplate\":\"https:\/\/todoesredondo.es\/?s={search_term_string}\"},\"query-input\":{\"@type\":\"PropertyValueSpecification\",\"valueRequired\":true,\"valueName\":\"search_term_string\"}}],\"inLanguage\":\"en-US\"},{\"@type\":[\"Person\",\"Organization\"],\"@id\":\"https:\/\/todoesredondo.es\/#\/schema\/person\/1576300a3ce607d928606560fb256fb5\",\"name\":\"todoesredondo.es\",\"image\":{\"@type\":\"ImageObject\",\"inLanguage\":\"en-US\",\"@id\":\"https:\/\/todoesredondo.es\/#\/schema\/person\/image\/\",\"url\":\"https:\/\/secure.gravatar.com\/avatar\/7122c156525b3d3a96c4cdb2245b7bf01b43a51c1dd28ab5d5e0e61450672b9f?s=96&d=mm&r=g\",\"contentUrl\":\"https:\/\/secure.gravatar.com\/avatar\/7122c156525b3d3a96c4cdb2245b7bf01b43a51c1dd28ab5d5e0e61450672b9f?s=96&d=mm&r=g\",\"caption\":\"todoesredondo.es\"},\"logo\":{\"@id\":\"https:\/\/todoesredondo.es\/#\/schema\/person\/image\/\"},\"sameAs\":[\"http:\/\/todoesredondo.es\",\"https:\/\/www.instagram.com\/_todoesredondo\/\"]}]}<\/script>\n<!-- \/ Yoast SEO plugin. -->","yoast_head_json":{"title":"Bio - \u25cc Todo es Redondo \u25cc","robots":{"index":"index","follow":"follow","max-snippet":"max-snippet:-1","max-image-preview":"max-image-preview:large","max-video-preview":"max-video-preview:-1"},"canonical":"https:\/\/todoesredondo.es\/?page_id=44","og_locale":"en_US","og_type":"article","og_title":"Bio - \u25cc Todo es Redondo \u25cc","og_description":"Bogot\u00e1, 1994 Nac\u00ed en Bogot\u00e1 donde crec\u00ed y estudi\u00e9 la carrera de artes pl\u00e1sticas en la Universidad Jorge Tadeo Lozano. Actualmente resido en Barcelona donde hice el M\u00e1ster en Comisariado de Arte Digital en la Universidad Ramon Llull. Desde el 2017 he participado en diferentes muestras colectivas y he desarrollado un par de proyectos curatoriales. [&hellip;]","og_url":"https:\/\/todoesredondo.es\/?page_id=44","og_site_name":"\u25cc Todo es Redondo \u25cc","article_modified_time":"2023-07-02T18:56:51+00:00","og_image":[{"url":"https:\/\/todoesredondo.es\/wp-content\/uploads\/2023\/07\/1014096-1-769x1024.jpg","type":"","width":"","height":""}],"twitter_card":"summary_large_image","twitter_misc":{"Est. reading time":"2 minutes"},"schema":{"@context":"https:\/\/schema.org","@graph":[{"@type":"WebPage","@id":"https:\/\/todoesredondo.es\/?page_id=44","url":"https:\/\/todoesredondo.es\/?page_id=44","name":"Bio - \u25cc Todo es Redondo \u25cc","isPartOf":{"@id":"https:\/\/todoesredondo.es\/#website"},"primaryImageOfPage":{"@id":"https:\/\/todoesredondo.es\/?page_id=44#primaryimage"},"image":{"@id":"https:\/\/todoesredondo.es\/?page_id=44#primaryimage"},"thumbnailUrl":"https:\/\/todoesredondo.es\/wp-content\/uploads\/2023\/07\/1014096-1-769x1024.jpg","datePublished":"2023-07-02T17:08:43+00:00","dateModified":"2023-07-02T18:56:51+00:00","breadcrumb":{"@id":"https:\/\/todoesredondo.es\/?page_id=44#breadcrumb"},"inLanguage":"en-US","potentialAction":[{"@type":"ReadAction","target":["https:\/\/todoesredondo.es\/?page_id=44"]}]},{"@type":"ImageObject","inLanguage":"en-US","@id":"https:\/\/todoesredondo.es\/?page_id=44#primaryimage","url":"https:\/\/todoesredondo.es\/wp-content\/uploads\/2023\/07\/1014096-1-769x1024.jpg","contentUrl":"https:\/\/todoesredondo.es\/wp-content\/uploads\/2023\/07\/1014096-1-769x1024.jpg"},{"@type":"BreadcrumbList","@id":"https:\/\/todoesredondo.es\/?page_id=44#breadcrumb","itemListElement":[{"@type":"ListItem","position":1,"name":"Portada","item":"https:\/\/todoesredondo.es\/"},{"@type":"ListItem","position":2,"name":"Bio"}]},{"@type":"WebSite","@id":"https:\/\/todoesredondo.es\/#website","url":"https:\/\/todoesredondo.es\/","name":"\u25cc Todo es Redondo \u25cc","description":"","publisher":{"@id":"https:\/\/todoesredondo.es\/#\/schema\/person\/1576300a3ce607d928606560fb256fb5"},"potentialAction":[{"@type":"SearchAction","target":{"@type":"EntryPoint","urlTemplate":"https:\/\/todoesredondo.es\/?s={search_term_string}"},"query-input":{"@type":"PropertyValueSpecification","valueRequired":true,"valueName":"search_term_string"}}],"inLanguage":"en-US"},{"@type":["Person","Organization"],"@id":"https:\/\/todoesredondo.es\/#\/schema\/person\/1576300a3ce607d928606560fb256fb5","name":"todoesredondo.es","image":{"@type":"ImageObject","inLanguage":"en-US","@id":"https:\/\/todoesredondo.es\/#\/schema\/person\/image\/","url":"https:\/\/secure.gravatar.com\/avatar\/7122c156525b3d3a96c4cdb2245b7bf01b43a51c1dd28ab5d5e0e61450672b9f?s=96&d=mm&r=g","contentUrl":"https:\/\/secure.gravatar.com\/avatar\/7122c156525b3d3a96c4cdb2245b7bf01b43a51c1dd28ab5d5e0e61450672b9f?s=96&d=mm&r=g","caption":"todoesredondo.es"},"logo":{"@id":"https:\/\/todoesredondo.es\/#\/schema\/person\/image\/"},"sameAs":["http:\/\/todoesredondo.es","https:\/\/www.instagram.com\/_todoesredondo\/"]}]}},"_links":{"self":[{"href":"https:\/\/todoesredondo.es\/index.php?rest_route=\/wp\/v2\/pages\/44","targetHints":{"allow":["GET"]}}],"collection":[{"href":"https:\/\/todoesredondo.es\/index.php?rest_route=\/wp\/v2\/pages"}],"about":[{"href":"https:\/\/todoesredondo.es\/index.php?rest_route=\/wp\/v2\/types\/page"}],"author":[{"embeddable":true,"href":"https:\/\/todoesredondo.es\/index.php?rest_route=\/wp\/v2\/users\/1"}],"replies":[{"embeddable":true,"href":"https:\/\/todoesredondo.es\/index.php?rest_route=%2Fwp%2Fv2%2Fcomments&post=44"}],"version-history":[{"count":0,"href":"https:\/\/todoesredondo.es\/index.php?rest_route=\/wp\/v2\/pages\/44\/revisions"}],"wp:attachment":[{"href":"https:\/\/todoesredondo.es\/index.php?rest_route=%2Fwp%2Fv2%2Fmedia&parent=44"}],"curies":[{"name":"wp","href":"https:\/\/api.w.org\/{rel}","templated":true}]}}